{"id":1433,"date":"2023-03-01T04:25:29","date_gmt":"2023-03-01T04:25:29","guid":{"rendered":"http:\/\/paraviajantes.com\/?post_type=product&#038;p=1433"},"modified":"2025-02-28T19:10:51","modified_gmt":"2025-02-28T19:10:51","slug":"tour-holbox","status":"publish","type":"product","link":"https:\/\/paraviajantes.com\/en\/product\/tour-holbox\/","title":{"rendered":"Tour Completo a Isla Holbox Plus + Cenote!"},"content":{"rendered":"<p>En este\u00a0<strong>tour a Holbox <\/strong>te llevaremos a conocer los m\u00e1s importantes sitios de inter\u00e9s en esta isla paradisiaca.\u00a0<strong>Nadar\u00e1s en un cenote de agua dulce<\/strong>, observar\u00e1s\u00a0<strong>aves en Isla Pasi\u00f3n<\/strong>\u00a0y recorrer\u00e1s las calles de la isla a bordo de un carrito de golf.<\/p>\n<p>Llegaremos en nuestro tour a<strong>\u00a0Isla Holbox<\/strong>\u00a0primero a\u00a0<strong><em>Yalahau.<\/em>\u00a0Es un hermoso cenote escondido<\/strong>\u00a0entre la vegetaci\u00f3n de la zona, compuesta principalmente por manglar. El cenote Yalahau que ver\u00e1s en nuestro tour a<strong> Holbox Plus<\/strong>\u00a0es en realidad un \u00abojo de agua\u00bb. De este brota agua dulce y tiene una peque\u00f1a torre panor\u00e1mica construida al lado. Desde ah\u00ed podr\u00e1s tomar excelentes fotos.<\/p>\n<p>Seguiremos nuestro\u00a0<strong>tour a Holbox<\/strong>\u00a0<strong>en bote hasta la Isla Pasi\u00f3n<\/strong>. Este islote es un\u00a0<strong>observatorio de aves donde podr\u00e1s ver aves como flamenco rosado, p\u00e1jaro fragata, garzas, cormoranes, pel\u00edcanos y m\u00e1s<\/strong>. M\u00e1s tarde tendr\u00e1s tiempo de relajarte y comer en un <b>restaurante en la playa.<\/b> Para finalizar, tendras tiempo libre, <strong>para dar un divertido paseo por la isla<\/strong>\u00a0caminando o si rentas un carrito de golf. Podr\u00e1s disfrutar del arte mural en las calles, sus colores y disfrutar del hermoso atardecer.<\/p>","protected":false},"excerpt":{"rendered":"<table style=\"border-collapse: collapse; width: 100%;\">\n<tbody>\n<tr>\n<td style=\"width: 50%;\"><img decoding=\"async\" class=\"aligncenter wp-image-721\" src=\"http:\/\/paraviajantes.com\/wp-content\/uploads\/2023\/02\/reloj-de-pared-300x300.png\" alt=\"\" width=\"100\" height=\"100\" srcset=\"https:\/\/paraviajantes.com\/wp-content\/uploads\/2023\/02\/reloj-de-pared-300x300.png 300w, https:\/\/paraviajantes.com\/wp-content\/uploads\/2023\/02\/reloj-de-pared-150x150.png 150w, https:\/\/paraviajantes.com\/wp-content\/uploads\/2023\/02\/reloj-de-pared-12x12.png 12w, https:\/\/paraviajantes.com\/wp-content\/uploads\/2023\/02\/reloj-de-pared-100x100.png 100w, https:\/\/paraviajantes.com\/wp-content\/uploads\/2023\/02\/reloj-de-pared.png 512w\" sizes=\"(max-width: 100px) 100vw, 100px\" \/><\/td>\n<td style=\"width: 50%; text-align: center;\">\n<h6><span style=\"font-size: 18pt;\"><strong>Duraci\u00f3n<\/strong><\/span><\/h6>\n<div class=\"zcyXe f _Y\">\n<ul>\n<li style=\"text-align: left;\"><span class=\"biGQs _P pZUbB egaXP KxBGd\">Duraci\u00f3n: De 8 a 9 horas<\/span><\/li>\n<\/ul>\n<\/div>\n<div class=\"zcyXe f _Y\">\n<ul>\n<li style=\"text-align: left;\"><span class=\"biGQs _P pZUbB egaXP KxBGd\">Hora de inicio: ver disponibilidad<\/span><\/li>\n<\/ul>\n<\/div>\n<\/td>\n<\/tr>\n<tr>\n<td style=\"width: 50%;\"><img decoding=\"async\" class=\"aligncenter wp-image-563\" src=\"http:\/\/paraviajantes.com\/wp-content\/uploads\/2023\/02\/foto-150x150.png\" alt=\"\" width=\"100\" height=\"100\" srcset=\"https:\/\/paraviajantes.com\/wp-content\/uploads\/2023\/02\/foto-150x150.png 150w, https:\/\/paraviajantes.com\/wp-content\/uploads\/2023\/02\/foto-300x300.png 300w, https:\/\/paraviajantes.com\/wp-content\/uploads\/2023\/02\/foto-100x100.png 100w, https:\/\/paraviajantes.com\/wp-content\/uploads\/2023\/02\/foto-12x12.png 12w, https:\/\/paraviajantes.com\/wp-content\/uploads\/2023\/02\/foto.png 512w\" sizes=\"(max-width: 100px) 100vw, 100px\" \/><\/td>\n<td style=\"width: 50%;\">\n<h6 style=\"text-align: center;\"><span style=\"font-size: 18pt;\"><strong>Incluido<\/strong><\/span><\/h6>\n<ul>\n<li><span class=\"biGQs _P pZUbB KxBGd\">Traslado de ida y vuelta al hotel (Autob\u00fas o Van)<\/span><\/li>\n<li>Gu\u00eda Biling\u00fce<\/li>\n<li>Box Lunch (S\u00e1ndwich &#8211; Fruta &#8211; Jugo)<\/li>\n<li>Cruce redondo de Chiquila a Holbox en lancha.<\/li>\n<li class=\"seKux _d _c\"><span class=\"biGQs _P pZUbB KxBGd\">Visita a Cenote Yalahau e Isla Pasi\u00f3n<\/span><\/li>\n<li class=\"seKux _d _c\"><span class=\"biGQs _P pZUbB KxBGd\">Incluye Comida en restaurante<\/span><\/li>\n<li class=\"seKux _d _c\"><span class=\"biGQs _P pZUbB KxBGd\">Tiempo libre en la isla Holbox (2 hrs)<\/span><\/li>\n<li class=\"seKux _d _c\"><span class=\"biGQs _P pZUbB KxBGd\">1 hora de bicicleta<\/span><\/li>\n<\/ul>\n<\/td>\n<\/tr>\n<tr>\n<td style=\"width: 50%;\"><img decoding=\"async\" class=\"aligncenter wp-image-563\" src=\"http:\/\/paraviajantes.com\/wp-content\/uploads\/2023\/02\/foto-300x300.png\" alt=\"\" width=\"100\" height=\"100\" srcset=\"https:\/\/paraviajantes.com\/wp-content\/uploads\/2023\/02\/foto-300x300.png 300w, https:\/\/paraviajantes.com\/wp-content\/uploads\/2023\/02\/foto-100x100.png 100w, https:\/\/paraviajantes.com\/wp-content\/uploads\/2023\/02\/foto-150x150.png 150w, https:\/\/paraviajantes.com\/wp-content\/uploads\/2023\/02\/foto-12x12.png 12w, https:\/\/paraviajantes.com\/wp-content\/uploads\/2023\/02\/foto.png 512w\" sizes=\"(max-width: 100px) 100vw, 100px\" \/><\/td>\n<td style=\"width: 50%;\">\n<h6 style=\"text-align: center;\"><span style=\"font-size: 18pt;\"><strong>No Incluido<\/strong><\/span><\/h6>\n<ul>\n<li><span class=\"biGQs _P pZUbB KxBGd\">Bebida a la hora de la comida<\/span><\/li>\n<li>Impuesto portuario<\/li>\n<\/ul>\n<\/td>\n<\/tr>\n<\/tbody>\n<\/table>","protected":false},"featured_media":1441,"comment_status":"open","ping_status":"closed","template":"","meta":[],"product_brand":[],"product_cat":[26,27],"product_tag":[],"class_list":{"0":"post-1433","1":"product","2":"type-product","3":"status-publish","4":"has-post-thumbnail","6":"product_cat-mexico","7":"product_cat-rivera-maya","9":"first","10":"instock","11":"virtual","12":"sold-individually","13":"purchasable","14":"product-type-booking"},"_links":{"self":[{"href":"https:\/\/paraviajantes.com\/en\/wp-json\/wp\/v2\/product\/1433","targetHints":{"allow":["GET"]}}],"collection":[{"href":"https:\/\/paraviajantes.com\/en\/wp-json\/wp\/v2\/product"}],"about":[{"href":"https:\/\/paraviajantes.com\/en\/wp-json\/wp\/v2\/types\/product"}],"replies":[{"embeddable":true,"href":"https:\/\/paraviajantes.com\/en\/wp-json\/wp\/v2\/comments?post=1433"}],"wp:featuredmedia":[{"embeddable":true,"href":"https:\/\/paraviajantes.com\/en\/wp-json\/wp\/v2\/media\/1441"}],"wp:attachment":[{"href":"https:\/\/paraviajantes.com\/en\/wp-json\/wp\/v2\/media?parent=1433"}],"wp:term":[{"taxonomy":"product_brand","embeddable":true,"href":"https:\/\/paraviajantes.com\/en\/wp-json\/wp\/v2\/product_brand?post=1433"},{"taxonomy":"product_cat","embeddable":true,"href":"https:\/\/paraviajantes.com\/en\/wp-json\/wp\/v2\/product_cat?post=1433"},{"taxonomy":"product_tag","embeddable":true,"href":"https:\/\/paraviajantes.com\/en\/wp-json\/wp\/v2\/product_tag?post=1433"}],"curies":[{"name":"wp","href":"https:\/\/api.w.org\/{rel}","templated":true}]}}