{"id":1690,"date":"2023-03-13T21:22:39","date_gmt":"2023-03-13T21:22:39","guid":{"rendered":"http:\/\/paraviajantes.com\/?post_type=product&#038;p=1690"},"modified":"2025-02-28T19:10:03","modified_gmt":"2025-02-28T19:10:03","slug":"tour-chichen-deluxe","status":"publish","type":"product","link":"https:\/\/paraviajantes.com\/en\/product\/tour-chichen-deluxe\/","title":{"rendered":"Tour Chichen Itz\u00e1 Deluxe + 2 Cenote!"},"content":{"rendered":"<p>El\u00a0<strong>Tour Chich\u00e9n Itz\u00e1 Deluxe<\/strong> es ideal para mimarte a ti y a tu grupo. Este Tour a Chich\u00e9n Itz\u00e1 te brindar\u00e1 todas las ventajas de un Tour Cl\u00e1sico a Chich\u00e9n Itz\u00e1 o un Tour Plus con algunas comodidades adicionales.<\/p>\n<p class=\"mb-3\">Algunas otras grandes ventajas con el Tour Chich\u00e9n Itz\u00e1 Deluxe son: sombrilla en Chichen Itz\u00e1, puedes conseguir una sombrilla para que puedas protegerte del sol, solo necesitas dar un dep\u00f3sito y una identificaci\u00f3n a la entrada a las ruinas.<\/p>\n<p class=\"mb-3\">Primero, el\u00a0<b>Chich\u00e9n Itz\u00e1 Deluxe Tour<\/b>\u00a0lo recibir\u00e1 con un\u00a0<strong>box lunch<\/strong>\u00a0al abordar el autob\u00fas, este ser\u00e1 un desayuno ligero, un s\u00e1ndwich, una manzana y un jugo, pero lo suficientemente bueno si no desayun\u00f3.<\/p>\n<p class=\"mb-3\">El Chichen Itz\u00e1 Deluxe Tour te ofrece <strong>bebidas ilimitadas<\/strong>\u00a0en el autob\u00fas (agua, refrescos o sodas, y cervezas). Tambi\u00e9n podr\u00e1s disfrutar de tequila a lo largo del viaje.<\/p>\n<p class=\"mb-3\">Adem\u00e1s de estos grandes beneficios, tendr\u00e1s los beneficios del Tour Chichen Itz\u00e1 regular. Te recoger\u00e1n en tu hotel para luego llevarte a Chich\u00e9n Itz\u00e1, que ser\u00e1 tu primera parada. En Chich\u00e9n Itz\u00e1 tendr\u00e1s una <strong>visita guiada<\/strong>\u00a0y luego algo de tiempo libre para que explores por tu cuenta.<\/p>\n<p class=\"mb-3\">Despu\u00e9s de la visita a Chich\u00e9n Itz\u00e1 tendr\u00e1s un gran almuerzo con comida y bebidas tradicionales mayas, recuerda que obtienes una bebida alcoh\u00f3lica con el Tour Chich\u00e9n Itz\u00e1 Deluxe.<\/p>\n<p class=\"mb-3\">Luego visitar\u00e1s un Cenote, una especie de pozo gigante que es una fuente agua dulce muy conocida en la Pen\u00ednsula de Yucat\u00e1n. En el cenote podr\u00e1s saltar a las aguas cristalinas y refrescarte, el agua suele estar fr\u00eda&#8230;<\/p>\n<p class=\"mb-5\">Despu\u00e9s de disfrutar de todo esto, podr\u00edas pensar que esto se acab\u00f3 &#8230; pero luego tendr\u00e1s una parada expr\u00e9s en\u00a0<strong>Valladolid<\/strong>, una gran ciudad colonial en medio de la\u00a0<strong>Valladolid<\/strong>. Valladolid est\u00e1 llena de gente maya y es un gran final para el Tour a Chich\u00e9n Itz\u00e1.<\/p>","protected":false},"excerpt":{"rendered":"<table style=\"border-collapse: collapse; width: 100%;\">\n<tbody>\n<tr>\n<td style=\"width: 50%;\"><img decoding=\"async\" class=\"aligncenter wp-image-721\" src=\"http:\/\/paraviajantes.com\/wp-content\/uploads\/2023\/02\/reloj-de-pared-300x300.png\" alt=\"\" width=\"100\" height=\"100\" srcset=\"https:\/\/paraviajantes.com\/wp-content\/uploads\/2023\/02\/reloj-de-pared-300x300.png 300w, https:\/\/paraviajantes.com\/wp-content\/uploads\/2023\/02\/reloj-de-pared-150x150.png 150w, https:\/\/paraviajantes.com\/wp-content\/uploads\/2023\/02\/reloj-de-pared-12x12.png 12w, https:\/\/paraviajantes.com\/wp-content\/uploads\/2023\/02\/reloj-de-pared-100x100.png 100w, https:\/\/paraviajantes.com\/wp-content\/uploads\/2023\/02\/reloj-de-pared.png 512w\" sizes=\"(max-width: 100px) 100vw, 100px\" \/><\/td>\n<td style=\"width: 50%; text-align: center;\">\n<h6><span style=\"font-size: 18pt;\"><strong>Duraci\u00f3n<\/strong><\/span><\/h6>\n<div class=\"zcyXe f _Y\">\n<ul>\n<li style=\"text-align: left;\"><span class=\"biGQs _P pZUbB egaXP KxBGd\">Duraci\u00f3n: De 11 a 12hs horas<\/span><\/li>\n<\/ul>\n<\/div>\n<div class=\"zcyXe f _Y\">\n<ul>\n<li style=\"text-align: left;\"><span class=\"biGQs _P pZUbB egaXP KxBGd\">Hora de inicio: ver disponibilidad<\/span><\/li>\n<\/ul>\n<\/div>\n<\/td>\n<\/tr>\n<tr>\n<td style=\"width: 50%;\"><img decoding=\"async\" class=\"aligncenter wp-image-563\" src=\"http:\/\/paraviajantes.com\/wp-content\/uploads\/2023\/02\/foto-150x150.png\" alt=\"\" width=\"100\" height=\"100\" srcset=\"https:\/\/paraviajantes.com\/wp-content\/uploads\/2023\/02\/foto-150x150.png 150w, https:\/\/paraviajantes.com\/wp-content\/uploads\/2023\/02\/foto-300x300.png 300w, https:\/\/paraviajantes.com\/wp-content\/uploads\/2023\/02\/foto-100x100.png 100w, https:\/\/paraviajantes.com\/wp-content\/uploads\/2023\/02\/foto-12x12.png 12w, https:\/\/paraviajantes.com\/wp-content\/uploads\/2023\/02\/foto.png 512w\" sizes=\"(max-width: 100px) 100vw, 100px\" \/><\/td>\n<td style=\"width: 50%;\">\n<h6 style=\"text-align: center;\"><span style=\"font-size: 18pt;\"><strong>Incluido<\/strong><\/span><\/h6>\n<ul>\n<li><span class=\"biGQs _P pZUbB KxBGd\">Traslado de ida y vuelta al hotel (Autob\u00fas o Van).<\/span><\/li>\n<li>Box Lunch dentro del bus (fruta, s\u00e1ndwich y jugo).<\/li>\n<li>Gu\u00eda Biling\u00fce.<\/li>\n<li><span class=\"biGQs _P pZUbB KxBGd\">Visita a guiada en Chichen Itz\u00e1.<\/span><\/li>\n<li class=\"seKux _d _c\">Almuerzo buffet t\u00edpico de la regi\u00f3n.<\/li>\n<li>Bebida en el almuerzo.<\/li>\n<li class=\"seKux _d _c\">Ticket de entrada al Cenote Ik Kil y Cenote Suytun.<\/li>\n<li>Chalecos dentro de los Cenotes.<\/li>\n<li class=\"seKux _d _c\">Tiempo libre en la zona arqueol\u00f3gica.<\/li>\n<li><span style=\"font-family: inherit; font-size: inherit;\">Visita al centro de Valladolid.<\/span><\/li>\n<\/ul>\n<\/td>\n<\/tr>\n<tr>\n<td style=\"width: 50%;\"><img decoding=\"async\" class=\"aligncenter wp-image-563\" src=\"http:\/\/paraviajantes.com\/wp-content\/uploads\/2023\/02\/foto-300x300.png\" alt=\"\" width=\"100\" height=\"100\" srcset=\"https:\/\/paraviajantes.com\/wp-content\/uploads\/2023\/02\/foto-300x300.png 300w, https:\/\/paraviajantes.com\/wp-content\/uploads\/2023\/02\/foto-100x100.png 100w, https:\/\/paraviajantes.com\/wp-content\/uploads\/2023\/02\/foto-150x150.png 150w, https:\/\/paraviajantes.com\/wp-content\/uploads\/2023\/02\/foto-12x12.png 12w, https:\/\/paraviajantes.com\/wp-content\/uploads\/2023\/02\/foto.png 512w\" sizes=\"(max-width: 100px) 100vw, 100px\" \/><\/td>\n<td style=\"width: 50%;\">\n<h6 style=\"text-align: center;\"><span style=\"font-size: 18pt;\"><strong>No Incluido<\/strong><\/span><\/h6>\n<ul>\n<li>Gastos adicionales.<\/li>\n<\/ul>\n<\/td>\n<\/tr>\n<\/tbody>\n<\/table>","protected":false},"featured_media":1651,"comment_status":"open","ping_status":"closed","template":"","meta":[],"product_brand":[],"product_cat":[26,27],"product_tag":[],"class_list":{"0":"post-1690","1":"product","2":"type-product","3":"status-publish","4":"has-post-thumbnail","6":"product_cat-mexico","7":"product_cat-rivera-maya","9":"first","10":"instock","11":"virtual","12":"sold-individually","13":"purchasable","14":"product-type-booking"},"_links":{"self":[{"href":"https:\/\/paraviajantes.com\/en\/wp-json\/wp\/v2\/product\/1690","targetHints":{"allow":["GET"]}}],"collection":[{"href":"https:\/\/paraviajantes.com\/en\/wp-json\/wp\/v2\/product"}],"about":[{"href":"https:\/\/paraviajantes.com\/en\/wp-json\/wp\/v2\/types\/product"}],"replies":[{"embeddable":true,"href":"https:\/\/paraviajantes.com\/en\/wp-json\/wp\/v2\/comments?post=1690"}],"wp:featuredmedia":[{"embeddable":true,"href":"https:\/\/paraviajantes.com\/en\/wp-json\/wp\/v2\/media\/1651"}],"wp:attachment":[{"href":"https:\/\/paraviajantes.com\/en\/wp-json\/wp\/v2\/media?parent=1690"}],"wp:term":[{"taxonomy":"product_brand","embeddable":true,"href":"https:\/\/paraviajantes.com\/en\/wp-json\/wp\/v2\/product_brand?post=1690"},{"taxonomy":"product_cat","embeddable":true,"href":"https:\/\/paraviajantes.com\/en\/wp-json\/wp\/v2\/product_cat?post=1690"},{"taxonomy":"product_tag","embeddable":true,"href":"https:\/\/paraviajantes.com\/en\/wp-json\/wp\/v2\/product_tag?post=1690"}],"curies":[{"name":"wp","href":"https:\/\/api.w.org\/{rel}","templated":true}]}}