{"id":1704,"date":"2023-03-14T03:11:00","date_gmt":"2023-03-14T03:11:00","guid":{"rendered":"http:\/\/paraviajantes.com\/?post_type=product&#038;p=1704"},"modified":"2025-02-28T19:08:32","modified_gmt":"2025-02-28T19:08:32","slug":"tour-arcos-animas-quimixto","status":"publish","type":"product","link":"https:\/\/paraviajantes.com\/en\/product\/tour-arcos-animas-quimixto\/","title":{"rendered":"Tour Arcos, Animas y Quimixto!"},"content":{"rendered":"<p>En esta excursi\u00f3n lo n\u00famero uno es la convivencia familiar sin importar las edades. En este crucero hay much\u00edsimas actividades para todos los gustos, as\u00ed que es f\u00e1cil que todos est\u00e9n contentos.<\/p>\n<p>Este destino es uno de los m\u00e1s populares de Bah\u00eda de Banderas, con personas que disfrutan divirti\u00e9ndose con un gran grupo de personas que buscan diversi\u00f3n con ideas afines. Este crucero incluye todo lo que necesita para disfrutar de un d\u00eda completo de actividades tanto en el mar como en tierra.<\/p>\n<p>Comenzaremos la aventura con una parada en el Parque Nacional Marino Los Arcos para bucear entre los hermosos y variados peces multicolores que abundan en esas aguas. Desde all\u00ed, nos dirigimos a la hermosa playa de Las \u00c1nimas, con sus palapas altas y nuestro propio club de playa. Luego a la aldea de Quimixto en donde cruzaremos la jungla para llegar hasta la cascada. Pasar\u00e1s tu tiempo nadando, buceando y haciendo kayak en las aguas que rodean estos lugares. Tambi\u00e9n se puede divertir en tierra con visitas guiadas, paseos a caballo y en los restaurantes de la palapa en la playa.<\/p>\n<p>En el viaje de regreso a Vallarta, lo pasaremos genial con entretenimiento, m\u00fasica, juegos y mucho para beber.<\/p>\n<p>&nbsp;<\/p>\n<h2 class=\"uk-h5 uk-width-xlarge uk-margin-auto uk-text-center\"><span style=\"font-size: 14pt;\">LOS MENORES DE 12 A\u00d1OS DEBERAN ESTAR ACOMPA\u00d1ADOS POR EL PADRE O TUTOR TODO EL TIEMPO.<\/span><\/h2>","protected":false},"excerpt":{"rendered":"<table style=\"border-collapse: collapse; width: 100%;\">\n<tbody>\n<tr>\n<td style=\"width: 50%;\"><img decoding=\"async\" class=\"aligncenter wp-image-721\" src=\"http:\/\/paraviajantes.com\/wp-content\/uploads\/2023\/02\/reloj-de-pared-300x300.png\" alt=\"\" width=\"100\" height=\"100\" srcset=\"https:\/\/paraviajantes.com\/wp-content\/uploads\/2023\/02\/reloj-de-pared-300x300.png 300w, https:\/\/paraviajantes.com\/wp-content\/uploads\/2023\/02\/reloj-de-pared-150x150.png 150w, https:\/\/paraviajantes.com\/wp-content\/uploads\/2023\/02\/reloj-de-pared-12x12.png 12w, https:\/\/paraviajantes.com\/wp-content\/uploads\/2023\/02\/reloj-de-pared-100x100.png 100w, https:\/\/paraviajantes.com\/wp-content\/uploads\/2023\/02\/reloj-de-pared.png 512w\" sizes=\"(max-width: 100px) 100vw, 100px\" \/><\/td>\n<td style=\"width: 50%; text-align: center;\">\n<h6><span style=\"font-size: 18pt;\"><strong>Duraci\u00f3n<\/strong><\/span><\/h6>\n<div class=\"zcyXe f _Y\">8 horas de Duraci\u00f3n<\/div>\n<div class=\"zcyXe f _Y\">\n<ul>\n<li style=\"text-align: left;\">Check in 9hs. Salida Muelle API 10hs AM.<br \/>\nRegreso 18hs PM.<\/li>\n<\/ul>\n<\/div>\n<\/td>\n<\/tr>\n<tr>\n<td style=\"width: 50%;\"><img decoding=\"async\" class=\"aligncenter wp-image-563\" src=\"http:\/\/paraviajantes.com\/wp-content\/uploads\/2023\/02\/foto-150x150.png\" alt=\"\" width=\"100\" height=\"100\" srcset=\"https:\/\/paraviajantes.com\/wp-content\/uploads\/2023\/02\/foto-150x150.png 150w, https:\/\/paraviajantes.com\/wp-content\/uploads\/2023\/02\/foto-300x300.png 300w, https:\/\/paraviajantes.com\/wp-content\/uploads\/2023\/02\/foto-100x100.png 100w, https:\/\/paraviajantes.com\/wp-content\/uploads\/2023\/02\/foto-12x12.png 12w, https:\/\/paraviajantes.com\/wp-content\/uploads\/2023\/02\/foto.png 512w\" sizes=\"(max-width: 100px) 100vw, 100px\" \/><\/td>\n<td style=\"width: 50%;\">\n<h6 style=\"text-align: center;\"><span style=\"font-size: 18pt;\"><strong>Incluido<\/strong><\/span><\/h6>\n<ul>\n<li class=\"seKux _d _c\">Desayuno.<\/li>\n<li class=\"seKux _d _c\">Barra libre nacional a bordo.<\/li>\n<li class=\"seKux _d _c\">Comida a bordo (filete de pescado, fajitas de pollo, fajitas de res, quesadillas o hamburguesa)<\/li>\n<li class=\"seKux _d _c\">Equipo de snorkel y kayak.<\/li>\n<\/ul>\n<\/td>\n<\/tr>\n<tr>\n<td style=\"width: 50%;\"><img decoding=\"async\" class=\"aligncenter wp-image-563\" src=\"http:\/\/paraviajantes.com\/wp-content\/uploads\/2023\/02\/foto-300x300.png\" alt=\"\" width=\"100\" height=\"100\" srcset=\"https:\/\/paraviajantes.com\/wp-content\/uploads\/2023\/02\/foto-300x300.png 300w, https:\/\/paraviajantes.com\/wp-content\/uploads\/2023\/02\/foto-100x100.png 100w, https:\/\/paraviajantes.com\/wp-content\/uploads\/2023\/02\/foto-150x150.png 150w, https:\/\/paraviajantes.com\/wp-content\/uploads\/2023\/02\/foto-12x12.png 12w, https:\/\/paraviajantes.com\/wp-content\/uploads\/2023\/02\/foto.png 512w\" sizes=\"(max-width: 100px) 100vw, 100px\" \/><\/td>\n<td style=\"width: 50%;\">\n<h6 style=\"text-align: center;\"><span style=\"font-size: 18pt;\"><strong>No Incluido<\/strong><\/span><\/h6>\n<ul>\n<li class=\"seKux _d _c\">Tarifa portuaria $30.00<\/li>\n<li class=\"seKux _d _c\">Actividades opcionales en playa, Adventure Park, bebidas en el restaurante ni rentas de caballos.<\/li>\n<\/ul>\n<\/td>\n<\/tr>\n<\/tbody>\n<\/table>","protected":false},"featured_media":1711,"comment_status":"open","ping_status":"closed","template":"","meta":[],"product_brand":[],"product_cat":[32,26],"product_tag":[],"class_list":{"0":"post-1704","1":"product","2":"type-product","3":"status-publish","4":"has-post-thumbnail","6":"product_cat-jalisco","7":"product_cat-mexico","9":"first","10":"instock","11":"virtual","12":"sold-individually","13":"purchasable","14":"product-type-booking"},"_links":{"self":[{"href":"https:\/\/paraviajantes.com\/en\/wp-json\/wp\/v2\/product\/1704","targetHints":{"allow":["GET"]}}],"collection":[{"href":"https:\/\/paraviajantes.com\/en\/wp-json\/wp\/v2\/product"}],"about":[{"href":"https:\/\/paraviajantes.com\/en\/wp-json\/wp\/v2\/types\/product"}],"replies":[{"embeddable":true,"href":"https:\/\/paraviajantes.com\/en\/wp-json\/wp\/v2\/comments?post=1704"}],"wp:featuredmedia":[{"embeddable":true,"href":"https:\/\/paraviajantes.com\/en\/wp-json\/wp\/v2\/media\/1711"}],"wp:attachment":[{"href":"https:\/\/paraviajantes.com\/en\/wp-json\/wp\/v2\/media?parent=1704"}],"wp:term":[{"taxonomy":"product_brand","embeddable":true,"href":"https:\/\/paraviajantes.com\/en\/wp-json\/wp\/v2\/product_brand?post=1704"},{"taxonomy":"product_cat","embeddable":true,"href":"https:\/\/paraviajantes.com\/en\/wp-json\/wp\/v2\/product_cat?post=1704"},{"taxonomy":"product_tag","embeddable":true,"href":"https:\/\/paraviajantes.com\/en\/wp-json\/wp\/v2\/product_tag?post=1704"}],"curies":[{"name":"wp","href":"https:\/\/api.w.org\/{rel}","templated":true}]}}