{"id":1720,"date":"2023-03-14T03:43:33","date_gmt":"2023-03-14T03:43:33","guid":{"rendered":"http:\/\/paraviajantes.com\/?post_type=product&#038;p=1720"},"modified":"2025-02-28T19:08:15","modified_gmt":"2025-02-28T19:08:15","slug":"bahias-huataulco","status":"publish","type":"product","link":"https:\/\/paraviajantes.com\/en\/product\/bahias-huataulco\/","title":{"rendered":"Tour Bah\u00edas de Huatulco!"},"content":{"rendered":"<p><br role=\"presentation\" \/><span dir=\"ltr\" role=\"presentation\">Disfruta de las maravillas que el destino ofrece con sus espectaculares Bah\u00edas y playas, en un recorrido a bordo<\/span><br role=\"presentation\" \/><span dir=\"ltr\" role=\"presentation\">de una embarcaci\u00f3n podr\u00e1s observar los bellos paisajes de las Bah\u00edas de Santa Cruz, \u00d3rgano, Maguey, Cacaluta<\/span><br role=\"presentation\" \/><span dir=\"ltr\" role=\"presentation\">y Chachacual.<\/span><\/p>\n<p><span dir=\"ltr\" role=\"presentation\">El paseo inicia en el lobby del hotel desde donde nos trasladamos hacia el muelle de Santa Cruz, para<\/span><br role=\"presentation\" \/><span dir=\"ltr\" role=\"presentation\">abordar la embarcaci\u00f3n, que ser\u00e1 sede de toda la diversi\u00f3n y de una experiencia magnifica. En el trayecto del<\/span><br role=\"presentation\" \/><span dir=\"ltr\" role=\"presentation\">recorrido nos deleitaremos con la vista espectacular de la vegetaci\u00f3n, el color \u00fanico de la arena y las sorpresas<\/span><br role=\"presentation\" \/><span dir=\"ltr\" role=\"presentation\">que la madre naturaleza guarda en el mar. <\/span><\/p>\n<p><span dir=\"ltr\" role=\"presentation\">Nuestra primera parada ser\u00e1 en la bah\u00eda de Chachacual una bah\u00eda<\/span><br role=\"presentation\" \/><span dir=\"ltr\" role=\"presentation\">totalmente<\/span> <span dir=\"ltr\" role=\"presentation\">virgen<\/span> <span dir=\"ltr\" role=\"presentation\">considerada<\/span> <span dir=\"ltr\" role=\"presentation\">una<\/span> <span dir=\"ltr\" role=\"presentation\">gran<\/span> <span dir=\"ltr\" role=\"presentation\">reserva<\/span> <span dir=\"ltr\" role=\"presentation\">ecol\u00f3gica<\/span> <span dir=\"ltr\" role=\"presentation\">integrada<\/span> <span dir=\"ltr\" role=\"presentation\">al<\/span> <span dir=\"ltr\" role=\"presentation\">Parque Nacional<\/span> <span dir=\"ltr\" role=\"presentation\">Huatulco<\/span> <span dir=\"ltr\" role=\"presentation\">con<\/span><br role=\"presentation\" \/><span dir=\"ltr\" role=\"presentation\">vegetaci\u00f3n de selva baja caducifolia y manglares con especies como la acacia, ficus y mangle; en esta Bah\u00eda<\/span><br role=\"presentation\" \/><span dir=\"ltr\" role=\"presentation\">aprovecharemos la playa en donde bajaremos a realizar la actividad del snorkel, que es una actividad de buceo<\/span><br role=\"presentation\" \/><span dir=\"ltr\" role=\"presentation\">superficial en aguas poco profundas, en la que exploraremos el arrecife y diversas especies marinas que van<\/span><br role=\"presentation\" \/><span dir=\"ltr\" role=\"presentation\">desde peces de colores, estrellas de mar, erizos, entre otros. Al salir del agua disfrutaremos de una estancia<\/span><br role=\"presentation\" \/><span dir=\"ltr\" role=\"presentation\">inolvidable en la playa y nadaremos un poco en la orilla de ella, se caracteriza por sus oleajes moderados, tiene<\/span><br role=\"presentation\" \/><span dir=\"ltr\" role=\"presentation\">una longitud de 1,200 Metros y su anchura var\u00eda entre los 30 y 40 Metros.<\/span><\/p>\n<p><br role=\"presentation\" \/><span dir=\"ltr\" role=\"presentation\">Despu\u00e9s de este tiempo continuaremos nuestra aventura en la embarcaci\u00f3n para observar algunos<\/span><br role=\"presentation\" \/><span dir=\"ltr\" role=\"presentation\">atractivos naturales como: el bufadero, la famosa cara de piedra llamada \u201cRostro mixteco\u201d y la isla con forma<\/span><br role=\"presentation\" \/><span dir=\"ltr\" role=\"presentation\">de tortuga; recorreremos un poco mar adentro y con suerte se podr\u00e1 observar de cerca otras especies marinas<\/span><br role=\"presentation\" \/><span dir=\"ltr\" role=\"presentation\">como el delf\u00edn, mantarraya y las diferentes especies de tortugas y aves. <\/span><\/p>\n<p><span dir=\"ltr\" role=\"presentation\">Posteriormente nos trasladaremos a la <\/span><span dir=\"ltr\" role=\"presentation\">bah\u00eda del Maguey para bajar una vez m\u00e1s, nadar y disfrutar de una rica comida a base de mariscos, entre las <\/span><span dir=\"ltr\" role=\"presentation\">especialidades se encuentra el pescado a la talla, la pi\u00f1a rellena, langosta a la mantequilla, camarones<\/span><br role=\"presentation\" \/><span dir=\"ltr\" role=\"presentation\">gratinados, entre otros. El tiempo de estancia aproximado para disfrutar esta playa es de 2 horas antes de<\/span><br role=\"presentation\" \/><span dir=\"ltr\" role=\"presentation\">comenzar el viaje de regreso<\/span><\/p>\n<p>&nbsp;<\/p>","protected":false},"excerpt":{"rendered":"<table style=\"border-collapse: collapse; width: 100%;\">\n<tbody>\n<tr>\n<td style=\"width: 50%;\"><img decoding=\"async\" class=\"aligncenter wp-image-721\" src=\"http:\/\/paraviajantes.com\/wp-content\/uploads\/2023\/02\/reloj-de-pared-300x300.png\" alt=\"\" width=\"100\" height=\"100\" srcset=\"https:\/\/paraviajantes.com\/wp-content\/uploads\/2023\/02\/reloj-de-pared-300x300.png 300w, https:\/\/paraviajantes.com\/wp-content\/uploads\/2023\/02\/reloj-de-pared-150x150.png 150w, https:\/\/paraviajantes.com\/wp-content\/uploads\/2023\/02\/reloj-de-pared-12x12.png 12w, https:\/\/paraviajantes.com\/wp-content\/uploads\/2023\/02\/reloj-de-pared-100x100.png 100w, https:\/\/paraviajantes.com\/wp-content\/uploads\/2023\/02\/reloj-de-pared.png 512w\" sizes=\"(max-width: 100px) 100vw, 100px\" \/><\/td>\n<td style=\"width: 50%; text-align: center;\">\n<h6><span style=\"font-size: 18pt;\"><strong>Duraci\u00f3n<\/strong><\/span><\/h6>\n<div class=\"zcyXe f _Y\">\n<ul>\n<li style=\"text-align: left;\"><span class=\"biGQs _P pZUbB egaXP KxBGd\">Duraci\u00f3n: 7 horas<\/span><\/li>\n<\/ul>\n<\/div>\n<div class=\"zcyXe f _Y\">\n<ul>\n<li style=\"text-align: left;\"><span class=\"biGQs _P pZUbB egaXP KxBGd\">Horario: <span dir=\"ltr\" role=\"presentation\">9:30 a.m<\/span>. a <span dir=\"ltr\" role=\"presentation\">4:30 p.m<\/span><\/span><\/li>\n<\/ul>\n<\/div>\n<\/td>\n<\/tr>\n<tr>\n<td style=\"width: 50%;\"><img decoding=\"async\" class=\"aligncenter wp-image-563\" src=\"http:\/\/paraviajantes.com\/wp-content\/uploads\/2023\/02\/foto-150x150.png\" alt=\"\" width=\"100\" height=\"100\" srcset=\"https:\/\/paraviajantes.com\/wp-content\/uploads\/2023\/02\/foto-150x150.png 150w, https:\/\/paraviajantes.com\/wp-content\/uploads\/2023\/02\/foto-300x300.png 300w, https:\/\/paraviajantes.com\/wp-content\/uploads\/2023\/02\/foto-100x100.png 100w, https:\/\/paraviajantes.com\/wp-content\/uploads\/2023\/02\/foto-12x12.png 12w, https:\/\/paraviajantes.com\/wp-content\/uploads\/2023\/02\/foto.png 512w\" sizes=\"(max-width: 100px) 100vw, 100px\" \/><\/td>\n<td style=\"width: 50%;\">\n<h6 style=\"text-align: center;\"><span style=\"font-size: 18pt;\"><strong>Incluido<\/strong><\/span><\/h6>\n<ul>\n<li class=\"seKux _d _c\"><span class=\"biGQs _P pZUbB KxBGd\">Gu\u00eda Certificado<\/span><\/li>\n<li class=\"seKux _d _c\"><span class=\"biGQs _P pZUbB KxBGd\">Transportaci\u00f3n ida y vuelta<\/span><\/li>\n<li><span dir=\"ltr\" role=\"presentation\">Aguas y refrescos a bordo de la embarcaci\u00f3n<\/span><\/li>\n<li><span dir=\"ltr\" role=\"presentation\">Seguro de responsabilidad civil<\/span><\/li>\n<li><span dir=\"ltr\" role=\"presentation\">Pick up y drop off en el lobby del hotel<\/span><\/li>\n<\/ul>\n<\/td>\n<\/tr>\n<tr>\n<td style=\"width: 50%;\"><img decoding=\"async\" class=\"aligncenter wp-image-563\" src=\"http:\/\/paraviajantes.com\/wp-content\/uploads\/2023\/02\/foto-300x300.png\" alt=\"\" width=\"100\" height=\"100\" srcset=\"https:\/\/paraviajantes.com\/wp-content\/uploads\/2023\/02\/foto-300x300.png 300w, https:\/\/paraviajantes.com\/wp-content\/uploads\/2023\/02\/foto-100x100.png 100w, https:\/\/paraviajantes.com\/wp-content\/uploads\/2023\/02\/foto-150x150.png 150w, https:\/\/paraviajantes.com\/wp-content\/uploads\/2023\/02\/foto-12x12.png 12w, https:\/\/paraviajantes.com\/wp-content\/uploads\/2023\/02\/foto.png 512w\" sizes=\"(max-width: 100px) 100vw, 100px\" \/><\/td>\n<td style=\"width: 50%;\">\n<h6 style=\"text-align: center;\"><span style=\"font-size: 18pt;\"><strong>Recomendaciones<\/strong><\/span><\/h6>\n<ul>\n<li><span dir=\"ltr\" role=\"presentation\">Llevar toalla, sandalias, <\/span><span dir=\"ltr\" role=\"presentation\">traje de ba\u00f1o, ropa c\u00f3moda, gorra o sombrero, <\/span><span dir=\"ltr\" role=\"presentation\">lentes para el sol, bloqueador solar y dinero efectivo.<\/span><\/li>\n<\/ul>\n<\/td>\n<\/tr>\n<\/tbody>\n<\/table>","protected":false},"featured_media":1723,"comment_status":"open","ping_status":"closed","template":"","meta":[],"product_brand":[],"product_cat":[26,28],"product_tag":[],"class_list":{"0":"post-1720","1":"product","2":"type-product","3":"status-publish","4":"has-post-thumbnail","6":"product_cat-mexico","7":"product_cat-oaxaca","9":"first","10":"instock","11":"virtual","12":"sold-individually","13":"purchasable","14":"product-type-booking"},"_links":{"self":[{"href":"https:\/\/paraviajantes.com\/en\/wp-json\/wp\/v2\/product\/1720","targetHints":{"allow":["GET"]}}],"collection":[{"href":"https:\/\/paraviajantes.com\/en\/wp-json\/wp\/v2\/product"}],"about":[{"href":"https:\/\/paraviajantes.com\/en\/wp-json\/wp\/v2\/types\/product"}],"replies":[{"embeddable":true,"href":"https:\/\/paraviajantes.com\/en\/wp-json\/wp\/v2\/comments?post=1720"}],"wp:featuredmedia":[{"embeddable":true,"href":"https:\/\/paraviajantes.com\/en\/wp-json\/wp\/v2\/media\/1723"}],"wp:attachment":[{"href":"https:\/\/paraviajantes.com\/en\/wp-json\/wp\/v2\/media?parent=1720"}],"wp:term":[{"taxonomy":"product_brand","embeddable":true,"href":"https:\/\/paraviajantes.com\/en\/wp-json\/wp\/v2\/product_brand?post=1720"},{"taxonomy":"product_cat","embeddable":true,"href":"https:\/\/paraviajantes.com\/en\/wp-json\/wp\/v2\/product_cat?post=1720"},{"taxonomy":"product_tag","embeddable":true,"href":"https:\/\/paraviajantes.com\/en\/wp-json\/wp\/v2\/product_tag?post=1720"}],"curies":[{"name":"wp","href":"https:\/\/api.w.org\/{rel}","templated":true}]}}