{"id":1732,"date":"2023-03-14T04:10:09","date_gmt":"2023-03-14T04:10:09","guid":{"rendered":"http:\/\/paraviajantes.com\/?post_type=product&#038;p=1732"},"modified":"2025-02-28T19:07:57","modified_gmt":"2025-02-28T19:07:57","slug":"ecotour-huatulco","status":"publish","type":"product","link":"https:\/\/paraviajantes.com\/en\/product\/ecotour-huatulco\/","title":{"rendered":"Ecotour desde Huatulco!"},"content":{"rendered":"<p><span dir=\"ltr\" role=\"presentation\">Comenzaremos esta m\u00e1gica aventura con un peque\u00f1o viaje aproximadamente a 1 hora de distancia de Bah\u00edas de<\/span><br role=\"presentation\" \/><span dir=\"ltr\" role=\"presentation\">Huatulco, donde se encuentra Ventanilla, Reserva Natural Protegida. Ah\u00ed abordaremos una embarcaci\u00f3n de<\/span><br role=\"presentation\" \/><span dir=\"ltr\" role=\"presentation\">remo, conducida por una persona de la localidad y acompa\u00f1ados de nuestro gu\u00eda quien se vuelve c\u00f3mplice en<\/span><br role=\"presentation\" \/><span dir=\"ltr\" role=\"presentation\">todo momento de nuestra aventura y har\u00e1 de esta experiencia la mejor de todas. <\/span><\/p>\n<p><span dir=\"ltr\" role=\"presentation\">Durante el recorrido por la <\/span><span dir=\"ltr\" role=\"presentation\">embarcaci\u00f3n observaremos los distintos tipos de manglares \u00fanicos de la regi\u00f3n y donde habitan diferentes<\/span><br role=\"presentation\" \/><span dir=\"ltr\" role=\"presentation\">especies de reptiles y aves como el p\u00e1jaro carpintero, el Mart\u00edn pescador, el pato buzo, garzas, cocodrilos e <\/span><span dir=\"ltr\" role=\"presentation\">iguanas; d\u00e9jate sorprender en esta gran experiencia.<\/span><\/p>\n<p><br role=\"presentation\" \/><span dir=\"ltr\" role=\"presentation\">Posteriormente nos dirigiremos a Mazunte, pueblo m\u00e1gico de la costa, su encanto nos invita a conocer<\/span><br role=\"presentation\" \/><span dir=\"ltr\" role=\"presentation\">en primera instancia, del taller de cosm\u00e9ticos naturales, cooperativa importante de la comunidad en donde<\/span><br role=\"presentation\" \/><span dir=\"ltr\" role=\"presentation\">podremos aprender del proceso de elaboraci\u00f3n de productos naturales tales como: jab\u00f3n, cremas, desodorantes,<\/span><br role=\"presentation\" \/><span dir=\"ltr\" role=\"presentation\">shampoo, protector solar y entre otros.<\/span><\/p>\n<p><br role=\"presentation\" \/><span dir=\"ltr\" role=\"presentation\">Visitaremos tambi\u00e9n la playa de Zipolite, una de las playas importantes del estado, para contemplar su<\/span><br role=\"presentation\" \/><span dir=\"ltr\" role=\"presentation\">majestuosidad en un tiempo aproximado de 20 minutos. Un poco m\u00e1s adelante, en Puerto \u00c1ngel, podremos<\/span><br role=\"presentation\" \/><span dir=\"ltr\" role=\"presentation\">disfrutar de alimentos frente al mar, consiente el paladar con mariscos frescos y productos del mar (visita<\/span><br role=\"presentation\" \/><span dir=\"ltr\" role=\"presentation\">opcional, no incluye comida).<\/span><\/p>\n<p><br role=\"presentation\" \/><span dir=\"ltr\" role=\"presentation\">El recorrido finaliza con una breve remembranza sobre el Puerto de Pescadores y es momento para<\/span><br role=\"presentation\" \/><span dir=\"ltr\" role=\"presentation\">regresar a Bah\u00edas de Huatulco.<\/span><\/p>\n<p>&nbsp;<\/p>\n<p>&nbsp;<\/p>","protected":false},"excerpt":{"rendered":"<table style=\"border-collapse: collapse; width: 100%;\">\n<tbody>\n<tr>\n<td style=\"width: 50%;\"><img decoding=\"async\" class=\"aligncenter wp-image-721\" src=\"http:\/\/paraviajantes.com\/wp-content\/uploads\/2023\/02\/reloj-de-pared-300x300.png\" alt=\"\" width=\"100\" height=\"100\" srcset=\"https:\/\/paraviajantes.com\/wp-content\/uploads\/2023\/02\/reloj-de-pared-300x300.png 300w, https:\/\/paraviajantes.com\/wp-content\/uploads\/2023\/02\/reloj-de-pared-150x150.png 150w, https:\/\/paraviajantes.com\/wp-content\/uploads\/2023\/02\/reloj-de-pared-12x12.png 12w, https:\/\/paraviajantes.com\/wp-content\/uploads\/2023\/02\/reloj-de-pared-100x100.png 100w, https:\/\/paraviajantes.com\/wp-content\/uploads\/2023\/02\/reloj-de-pared.png 512w\" sizes=\"(max-width: 100px) 100vw, 100px\" \/><\/td>\n<td style=\"width: 50%; text-align: center;\">\n<h6><span style=\"font-size: 18pt;\"><strong>Duraci\u00f3n<\/strong><\/span><\/h6>\n<div class=\"zcyXe f _Y\">\n<ul>\n<li style=\"text-align: left;\"><span class=\"biGQs _P pZUbB egaXP KxBGd\">Duraci\u00f3n: 8 horas<\/span><\/li>\n<\/ul>\n<\/div>\n<div class=\"zcyXe f _Y\">\n<ul>\n<li style=\"text-align: left;\"><span class=\"biGQs _P pZUbB egaXP KxBGd\">Horario: <span dir=\"ltr\" role=\"presentation\">9:30 a.m<\/span>. a <span dir=\"ltr\" role=\"presentation\">5:30 p.m<\/span><\/span><\/li>\n<\/ul>\n<\/div>\n<\/td>\n<\/tr>\n<tr>\n<td style=\"width: 50%;\"><img decoding=\"async\" class=\"aligncenter wp-image-563\" src=\"http:\/\/paraviajantes.com\/wp-content\/uploads\/2023\/02\/foto-150x150.png\" alt=\"\" width=\"100\" height=\"100\" srcset=\"https:\/\/paraviajantes.com\/wp-content\/uploads\/2023\/02\/foto-150x150.png 150w, https:\/\/paraviajantes.com\/wp-content\/uploads\/2023\/02\/foto-300x300.png 300w, https:\/\/paraviajantes.com\/wp-content\/uploads\/2023\/02\/foto-100x100.png 100w, https:\/\/paraviajantes.com\/wp-content\/uploads\/2023\/02\/foto-12x12.png 12w, https:\/\/paraviajantes.com\/wp-content\/uploads\/2023\/02\/foto.png 512w\" sizes=\"(max-width: 100px) 100vw, 100px\" \/><\/td>\n<td style=\"width: 50%;\">\n<h6 style=\"text-align: center;\"><span style=\"font-size: 18pt;\"><strong>Incluido<\/strong><\/span><\/h6>\n<ul>\n<li class=\"seKux _d _c\"><span class=\"biGQs _P pZUbB KxBGd\">Gu\u00eda Certificado<\/span><\/li>\n<li class=\"seKux _d _c\"><span class=\"biGQs _P pZUbB KxBGd\">Transportaci\u00f3n ida y vuelta<\/span><\/li>\n<li><span dir=\"ltr\" role=\"presentation\">Seguro de responsabilidad civil<\/span><\/li>\n<li><span dir=\"ltr\" role=\"presentation\">Pick up y drop off en el lobby del hotel<\/span><\/li>\n<\/ul>\n<p>&nbsp;<\/p>\n<ul>\n<li>NO INCLUYE: COMIDAS &#8211; BEBIDAS &#8211; ENTRADA CENTRO ECOTURISMO LA VENTANILLA.<\/li>\n<\/ul>\n<\/td>\n<\/tr>\n<tr>\n<td style=\"width: 50%;\"><img decoding=\"async\" class=\"aligncenter wp-image-563\" src=\"http:\/\/paraviajantes.com\/wp-content\/uploads\/2023\/02\/foto-300x300.png\" alt=\"\" width=\"100\" height=\"100\" srcset=\"https:\/\/paraviajantes.com\/wp-content\/uploads\/2023\/02\/foto-300x300.png 300w, https:\/\/paraviajantes.com\/wp-content\/uploads\/2023\/02\/foto-100x100.png 100w, https:\/\/paraviajantes.com\/wp-content\/uploads\/2023\/02\/foto-150x150.png 150w, https:\/\/paraviajantes.com\/wp-content\/uploads\/2023\/02\/foto-12x12.png 12w, https:\/\/paraviajantes.com\/wp-content\/uploads\/2023\/02\/foto.png 512w\" sizes=\"(max-width: 100px) 100vw, 100px\" \/><\/td>\n<td style=\"width: 50%;\">\n<h6 style=\"text-align: center;\"><span style=\"font-size: 18pt;\"><strong>Recomendaciones<\/strong><\/span><\/h6>\n<ul>\n<li><span dir=\"ltr\" role=\"presentation\">tenis, ropa c\u00f3moda, gorra o sombrero,<\/span><br role=\"presentation\" \/><span dir=\"ltr\" role=\"presentation\">repelente para mosquito, lentes para el sol, bloqueador solar <\/span><span dir=\"ltr\" role=\"presentation\">y dinero efectivo<\/span><\/li>\n<\/ul>\n<\/td>\n<\/tr>\n<\/tbody>\n<\/table>","protected":false},"featured_media":1733,"comment_status":"open","ping_status":"closed","template":"","meta":[],"product_brand":[],"product_cat":[26,28],"product_tag":[],"class_list":{"0":"post-1732","1":"product","2":"type-product","3":"status-publish","4":"has-post-thumbnail","6":"product_cat-mexico","7":"product_cat-oaxaca","9":"first","10":"instock","11":"virtual","12":"sold-individually","13":"purchasable","14":"product-type-booking"},"_links":{"self":[{"href":"https:\/\/paraviajantes.com\/en\/wp-json\/wp\/v2\/product\/1732","targetHints":{"allow":["GET"]}}],"collection":[{"href":"https:\/\/paraviajantes.com\/en\/wp-json\/wp\/v2\/product"}],"about":[{"href":"https:\/\/paraviajantes.com\/en\/wp-json\/wp\/v2\/types\/product"}],"replies":[{"embeddable":true,"href":"https:\/\/paraviajantes.com\/en\/wp-json\/wp\/v2\/comments?post=1732"}],"wp:featuredmedia":[{"embeddable":true,"href":"https:\/\/paraviajantes.com\/en\/wp-json\/wp\/v2\/media\/1733"}],"wp:attachment":[{"href":"https:\/\/paraviajantes.com\/en\/wp-json\/wp\/v2\/media?parent=1732"}],"wp:term":[{"taxonomy":"product_brand","embeddable":true,"href":"https:\/\/paraviajantes.com\/en\/wp-json\/wp\/v2\/product_brand?post=1732"},{"taxonomy":"product_cat","embeddable":true,"href":"https:\/\/paraviajantes.com\/en\/wp-json\/wp\/v2\/product_cat?post=1732"},{"taxonomy":"product_tag","embeddable":true,"href":"https:\/\/paraviajantes.com\/en\/wp-json\/wp\/v2\/product_tag?post=1732"}],"curies":[{"name":"wp","href":"https:\/\/api.w.org\/{rel}","templated":true}]}}