{"id":1987,"date":"2023-03-15T13:47:42","date_gmt":"2023-03-15T13:47:42","guid":{"rendered":"http:\/\/paraviajantes.com\/?post_type=product&#038;p=1987"},"modified":"2025-02-28T18:59:29","modified_gmt":"2025-02-28T18:59:29","slug":"tour-3playas-1dia","status":"publish","type":"product","link":"https:\/\/paraviajantes.com\/en\/product\/tour-3playas-1dia\/","title":{"rendered":"Tour de 3 playas en 1 dia! Desde Fortaleza"},"content":{"rendered":"<section class=\"\">\n<p class=\"h-612qxr\"><strong>Description<\/strong><\/p>\n<p>El primer destino es la playa de Morro Branco, a unos 85 km de Fortaleza. Rocas rojas, arenas amarillas y un cielo azul le dan a este lugar el tono perfecto. Adem\u00e1s, los acantilados abiertos por la erosi\u00f3n del viento y la lluvia, forman hermosos laberintos.<\/p>\n<\/section>\n<section class=\"Section_MarginTop__r3lnN\">\n<div>\n<div class=\"h-fxrpmp\">\n<p class=\"h-612qxr\">Las arenas de Morro Branco se utilizan en la artesan\u00eda local, una verdadera labor utilizada con mucha creatividad.<\/p>\n<p>La segunda parada es en Praia das Fontes, su nombre lo dice todo. El lugar est\u00e1 lleno de fuentes naturales de agua dulce, en toda su extensi\u00f3n es posible ver el agua brotar de los acantilados, que brillan con la luz del sol. Uno de ellos es bautizado como Fuente de la Juventud. Dicen que quien se ba\u00f1a all\u00ed rejuvenece 10 a\u00f1os. No est\u00e1 de m\u00e1s intentarlo, \u00a1funcionar\u00e1! En esta playa se encuentra la Gruta da M\u00e3e D&#8217;\u00c1gua, una verdadera obra de arte de la naturaleza.<\/p>\n<p>Nuestra \u00faltima parada es en una de las playas m\u00e1s populares y solicitadas de Cear\u00e1, Canoa Quebrada. Los acantilados rojos y el estilo de vida de los nativos le dan al antiguo pueblo de pescadores de Aracati, una \u00abvibra\u00bb diferente a cualquier otro lugar. Canoa Quebrada es famosa por su Broadway do Nordeste, una calle llena de diversidad cultural y gastron\u00f3mica.<\/p>\n<p>Al llegar a Canoa, lo llevar\u00e1n a una caba\u00f1a en la playa con toda la infraestructura. Luego disfruta del resto del tiempo para aprovechar al m\u00e1ximo la playa, darte un ba\u00f1o en el mar o tal vez degustar la maravillosa gastronom\u00eda local.<\/p>\n<p>Aproximadamente a las 4:00 p. m., emprender\u00e1 el viaje de regreso a Fortaleza, llegando alrededor de las 7:00 p. m.<\/p>\n<\/div>\n<\/div>\n<\/section>","protected":false},"excerpt":{"rendered":"<table style=\"border-collapse: collapse; width: 100%;\">\n<tbody>\n<tr>\n<td style=\"width: 50%;\"><img decoding=\"async\" class=\"aligncenter wp-image-721\" src=\"http:\/\/paraviajantes.com\/wp-content\/uploads\/2023\/02\/reloj-de-pared-300x300.png\" alt=\"\" width=\"100\" height=\"100\" srcset=\"https:\/\/paraviajantes.com\/wp-content\/uploads\/2023\/02\/reloj-de-pared-300x300.png 300w, https:\/\/paraviajantes.com\/wp-content\/uploads\/2023\/02\/reloj-de-pared-150x150.png 150w, https:\/\/paraviajantes.com\/wp-content\/uploads\/2023\/02\/reloj-de-pared-12x12.png 12w, https:\/\/paraviajantes.com\/wp-content\/uploads\/2023\/02\/reloj-de-pared-100x100.png 100w, https:\/\/paraviajantes.com\/wp-content\/uploads\/2023\/02\/reloj-de-pared.png 512w\" sizes=\"(max-width: 100px) 100vw, 100px\" \/><\/td>\n<td style=\"width: 50%; text-align: center;\">\n<h6><span style=\"font-size: 18pt;\"><strong>Duraci\u00f3n<\/strong><\/span><\/h6>\n<div class=\"zcyXe f _Y\">\n<ul>\n<li style=\"text-align: left;\"><span class=\"biGQs _P pZUbB egaXP KxBGd\">Duraci\u00f3n: 8 horas<\/span><\/li>\n<\/ul>\n<\/div>\n<div class=\"zcyXe f _Y\">\n<ul>\n<li style=\"text-align: left;\"><span class=\"biGQs _P pZUbB egaXP KxBGd\">Hora de inicio: ver disponibilidad<\/span><\/li>\n<li style=\"text-align: left;\">\n<div class=\"Tooltip_TooltipWrapper__WOnl8\">\n<p>&nbsp;<\/p>\n<div class=\"h-1psltl0 Tooltip_DropdownContent__7XPk1 Address_DropdownContent__K8323\"><\/div>\n<\/div>\n<p><span class=\"h-x5lawr\">Recogida disponible en hoteles en Playa Iracema, Avenida Beira Mar y Praia do Futuro.<\/span><\/li>\n<li style=\"text-align: left;\"><span class=\"h-x5lawr\">Llame al proveedor para confirmar la hora y el lugar de recogida al menos 24 horas antes de la actividad.<\/span><\/li>\n<\/ul>\n<\/div>\n<\/td>\n<\/tr>\n<tr>\n<td style=\"width: 50%;\"><img decoding=\"async\" class=\"aligncenter wp-image-563\" src=\"http:\/\/paraviajantes.com\/wp-content\/uploads\/2023\/02\/foto-150x150.png\" alt=\"\" width=\"100\" height=\"100\" srcset=\"https:\/\/paraviajantes.com\/wp-content\/uploads\/2023\/02\/foto-150x150.png 150w, https:\/\/paraviajantes.com\/wp-content\/uploads\/2023\/02\/foto-300x300.png 300w, https:\/\/paraviajantes.com\/wp-content\/uploads\/2023\/02\/foto-100x100.png 100w, https:\/\/paraviajantes.com\/wp-content\/uploads\/2023\/02\/foto-12x12.png 12w, https:\/\/paraviajantes.com\/wp-content\/uploads\/2023\/02\/foto.png 512w\" sizes=\"(max-width: 100px) 100vw, 100px\" \/><\/td>\n<td style=\"width: 50%;\">\n<h6 style=\"text-align: center;\"><span style=\"font-size: 18pt;\"><strong>Incluido<\/strong><\/span><\/h6>\n<ul>\n<li class=\"seKux _d _c\">Recogida y regreso disponibles solo para hoteles seleccionados<\/li>\n<li class=\"seKux _d _c\">Gu\u00eda<\/li>\n<\/ul>\n<\/td>\n<\/tr>\n<tr>\n<td style=\"width: 50%;\"><img decoding=\"async\" class=\"aligncenter wp-image-563\" src=\"http:\/\/paraviajantes.com\/wp-content\/uploads\/2023\/02\/foto-300x300.png\" alt=\"\" width=\"100\" height=\"100\" srcset=\"https:\/\/paraviajantes.com\/wp-content\/uploads\/2023\/02\/foto-300x300.png 300w, https:\/\/paraviajantes.com\/wp-content\/uploads\/2023\/02\/foto-100x100.png 100w, https:\/\/paraviajantes.com\/wp-content\/uploads\/2023\/02\/foto-150x150.png 150w, https:\/\/paraviajantes.com\/wp-content\/uploads\/2023\/02\/foto-12x12.png 12w, https:\/\/paraviajantes.com\/wp-content\/uploads\/2023\/02\/foto.png 512w\" sizes=\"(max-width: 100px) 100vw, 100px\" \/><\/td>\n<td style=\"width: 50%;\">\n<h6 style=\"text-align: center;\"><span style=\"font-size: 18pt;\"><strong>No Incluido<\/strong><\/span><\/h6>\n<ul>\n<li class=\"seKux _d _c\"><span class=\"biGQs _P pZUbB KxBGd\">Refresco o gaseosa<\/span><\/li>\n<li class=\"seKux _d _c\"><span class=\"biGQs _P pZUbB KxBGd\">Souvenirs<\/span><\/li>\n<li>Impuesto medioambiental<\/li>\n<li>Precio de la entrada<\/li>\n<li>Comida<\/li>\n<\/ul>\n<\/td>\n<\/tr>\n<\/tbody>\n<\/table>","protected":false},"featured_media":1991,"comment_status":"open","ping_status":"closed","template":"","meta":[],"product_brand":[],"product_cat":[23,29],"product_tag":[],"class_list":{"0":"post-1987","1":"product","2":"type-product","3":"status-publish","4":"has-post-thumbnail","6":"product_cat-brasil","7":"product_cat-fortaleza","9":"first","10":"instock","11":"virtual","12":"sold-individually","13":"purchasable","14":"product-type-booking"},"_links":{"self":[{"href":"https:\/\/paraviajantes.com\/en\/wp-json\/wp\/v2\/product\/1987","targetHints":{"allow":["GET"]}}],"collection":[{"href":"https:\/\/paraviajantes.com\/en\/wp-json\/wp\/v2\/product"}],"about":[{"href":"https:\/\/paraviajantes.com\/en\/wp-json\/wp\/v2\/types\/product"}],"replies":[{"embeddable":true,"href":"https:\/\/paraviajantes.com\/en\/wp-json\/wp\/v2\/comments?post=1987"}],"wp:featuredmedia":[{"embeddable":true,"href":"https:\/\/paraviajantes.com\/en\/wp-json\/wp\/v2\/media\/1991"}],"wp:attachment":[{"href":"https:\/\/paraviajantes.com\/en\/wp-json\/wp\/v2\/media?parent=1987"}],"wp:term":[{"taxonomy":"product_brand","embeddable":true,"href":"https:\/\/paraviajantes.com\/en\/wp-json\/wp\/v2\/product_brand?post=1987"},{"taxonomy":"product_cat","embeddable":true,"href":"https:\/\/paraviajantes.com\/en\/wp-json\/wp\/v2\/product_cat?post=1987"},{"taxonomy":"product_tag","embeddable":true,"href":"https:\/\/paraviajantes.com\/en\/wp-json\/wp\/v2\/product_tag?post=1987"}],"curies":[{"name":"wp","href":"https:\/\/api.w.org\/{rel}","templated":true}]}}