{"id":1999,"date":"2023-03-15T14:25:23","date_gmt":"2023-03-15T14:25:23","guid":{"rendered":"http:\/\/paraviajantes.com\/?post_type=product&#038;p=1999"},"modified":"2025-02-28T18:59:17","modified_gmt":"2025-02-28T18:59:17","slug":"tour-1diajeri","status":"publish","type":"product","link":"https:\/\/paraviajantes.com\/en\/product\/tour-1diajeri\/","title":{"rendered":"Tour Jericoacoara en 1 d\u00eda! Desde Fortaleza"},"content":{"rendered":"<section class=\"\">\n<section class=\"\">\n<div>\n<p class=\"h-612qxr\">\n<\/div>\n<\/section>\n<section class=\"Section_MarginTop__r3lnN\">\n<header class=\"SectionHeader_Header__t4GBa\">\n<h2 class=\"h-1m0bbe3\">Description<\/h2>\n<\/header>\n<div>\n<div class=\"h-fxrpmp\">\n<section class=\"\">\n<div>\n<p class=\"h-612qxr\">Despu\u00e9s de salir de Fortaleza, disfrute de un viaje panor\u00e1mico hacia Jijoca de Jericoacoara. Al llegar, cambie de veh\u00edculo a un veh\u00edculo 4&#215;4 ecol\u00f3gico antes de cruzar las dunas, donde tambi\u00e9n ver\u00e1 las famosas lagunas.<\/p>\n<\/div>\n<\/section>\n<p class=\"h-612qxr\">A continuaci\u00f3n, el conductor lo llevar\u00e1 al \u00c1rbol de Pregui\u00e7a, debido a los fuertes vientos de la regi\u00f3n, esta ic\u00f3nica planta creci\u00f3 en el suelo como si estuviera durmiendo la siesta. El recorrido se dirige hacia Pedra Furada, donde se realiza un paseo ecol\u00f3gico. En una determinada \u00e9poca del a\u00f1o, el sol se pone \u00abdentro\u00bb de la Pedra Furada.<\/p>\n<p>Nuestra \u00faltima parada es en Lagoa do Para\u00edso, famosa por sus aguas cristalinas y hamacas acu\u00e1ticas.<\/p>\n<\/div>\n<\/div>\n<\/section>\n<\/section>","protected":false},"excerpt":{"rendered":"<table style=\"border-collapse: collapse; width: 100%;\">\n<tbody>\n<tr>\n<td style=\"width: 50%;\"><img decoding=\"async\" class=\"aligncenter wp-image-721\" src=\"http:\/\/paraviajantes.com\/wp-content\/uploads\/2023\/02\/reloj-de-pared-300x300.png\" alt=\"\" width=\"100\" height=\"100\" srcset=\"https:\/\/paraviajantes.com\/wp-content\/uploads\/2023\/02\/reloj-de-pared-300x300.png 300w, https:\/\/paraviajantes.com\/wp-content\/uploads\/2023\/02\/reloj-de-pared-150x150.png 150w, https:\/\/paraviajantes.com\/wp-content\/uploads\/2023\/02\/reloj-de-pared-12x12.png 12w, https:\/\/paraviajantes.com\/wp-content\/uploads\/2023\/02\/reloj-de-pared-100x100.png 100w, https:\/\/paraviajantes.com\/wp-content\/uploads\/2023\/02\/reloj-de-pared.png 512w\" sizes=\"(max-width: 100px) 100vw, 100px\" \/><\/td>\n<td style=\"width: 50%; text-align: center;\">\n<h6><span style=\"font-size: 18pt;\"><strong>Duraci\u00f3n<\/strong><\/span><\/h6>\n<div class=\"zcyXe f _Y\">\n<ul>\n<li style=\"text-align: left;\"><span class=\"biGQs _P pZUbB egaXP KxBGd\">Duraci\u00f3n: 17 horas<\/span><\/li>\n<\/ul>\n<\/div>\n<div class=\"zcyXe f _Y\">\n<ul>\n<li style=\"text-align: left;\"><span class=\"biGQs _P pZUbB egaXP KxBGd\">Hora de inicio: ver disponibilidad<\/span><\/li>\n<li style=\"text-align: left;\">\n<div class=\"Tooltip_TooltipWrapper__WOnl8\">\n<p>&nbsp;<\/p>\n<div class=\"h-1psltl0 Tooltip_DropdownContent__7XPk1 Address_DropdownContent__K8323\"><\/div>\n<\/div>\n<p><span class=\"h-x5lawr\">Recogida disponible en hoteles en Playa Iracema, Avenida Beira Mar y Praia do Futuro.<\/span><\/li>\n<li style=\"text-align: left;\"><span class=\"h-x5lawr\">Llame al proveedor para confirmar la hora y el lugar de recogida al menos 24 horas antes de la actividad.<\/span><\/li>\n<\/ul>\n<\/div>\n<\/td>\n<\/tr>\n<tr>\n<td style=\"width: 50%;\"><img decoding=\"async\" class=\"aligncenter wp-image-563\" src=\"http:\/\/paraviajantes.com\/wp-content\/uploads\/2023\/02\/foto-150x150.png\" alt=\"\" width=\"100\" height=\"100\" srcset=\"https:\/\/paraviajantes.com\/wp-content\/uploads\/2023\/02\/foto-150x150.png 150w, https:\/\/paraviajantes.com\/wp-content\/uploads\/2023\/02\/foto-300x300.png 300w, https:\/\/paraviajantes.com\/wp-content\/uploads\/2023\/02\/foto-100x100.png 100w, https:\/\/paraviajantes.com\/wp-content\/uploads\/2023\/02\/foto-12x12.png 12w, https:\/\/paraviajantes.com\/wp-content\/uploads\/2023\/02\/foto.png 512w\" sizes=\"(max-width: 100px) 100vw, 100px\" \/><\/td>\n<td style=\"width: 50%;\">\n<h6 style=\"text-align: center;\"><span style=\"font-size: 18pt;\"><strong>Incluido<\/strong><\/span><\/h6>\n<ul>\n<li class=\"seKux _d _c\">Recogida y regreso disponibles solo para hoteles seleccionados<\/li>\n<li class=\"seKux _d _c\">Gu\u00eda<\/li>\n<\/ul>\n<\/td>\n<\/tr>\n<tr>\n<td style=\"width: 50%;\"><img decoding=\"async\" class=\"aligncenter wp-image-563\" src=\"http:\/\/paraviajantes.com\/wp-content\/uploads\/2023\/02\/foto-300x300.png\" alt=\"\" width=\"100\" height=\"100\" srcset=\"https:\/\/paraviajantes.com\/wp-content\/uploads\/2023\/02\/foto-300x300.png 300w, https:\/\/paraviajantes.com\/wp-content\/uploads\/2023\/02\/foto-100x100.png 100w, https:\/\/paraviajantes.com\/wp-content\/uploads\/2023\/02\/foto-150x150.png 150w, https:\/\/paraviajantes.com\/wp-content\/uploads\/2023\/02\/foto-12x12.png 12w, https:\/\/paraviajantes.com\/wp-content\/uploads\/2023\/02\/foto.png 512w\" sizes=\"(max-width: 100px) 100vw, 100px\" \/><\/td>\n<td style=\"width: 50%;\">\n<h6 style=\"text-align: center;\"><span style=\"font-size: 18pt;\"><strong>No Incluido<\/strong><\/span><\/h6>\n<ul>\n<li class=\"seKux _d _c\"><span class=\"biGQs _P pZUbB KxBGd\">Refresco o gaseosa<\/span><\/li>\n<li class=\"seKux _d _c\"><span class=\"biGQs _P pZUbB KxBGd\">Souvenirs<\/span><\/li>\n<li>Impuesto medioambiental<\/li>\n<li>Comida<\/li>\n<\/ul>\n<\/td>\n<\/tr>\n<\/tbody>\n<\/table>","protected":false},"featured_media":2000,"comment_status":"open","ping_status":"closed","template":"","meta":[],"product_brand":[],"product_cat":[23,29],"product_tag":[],"class_list":{"0":"post-1999","1":"product","2":"type-product","3":"status-publish","4":"has-post-thumbnail","6":"product_cat-brasil","7":"product_cat-fortaleza","9":"first","10":"instock","11":"virtual","12":"sold-individually","13":"purchasable","14":"product-type-booking"},"_links":{"self":[{"href":"https:\/\/paraviajantes.com\/en\/wp-json\/wp\/v2\/product\/1999","targetHints":{"allow":["GET"]}}],"collection":[{"href":"https:\/\/paraviajantes.com\/en\/wp-json\/wp\/v2\/product"}],"about":[{"href":"https:\/\/paraviajantes.com\/en\/wp-json\/wp\/v2\/types\/product"}],"replies":[{"embeddable":true,"href":"https:\/\/paraviajantes.com\/en\/wp-json\/wp\/v2\/comments?post=1999"}],"wp:featuredmedia":[{"embeddable":true,"href":"https:\/\/paraviajantes.com\/en\/wp-json\/wp\/v2\/media\/2000"}],"wp:attachment":[{"href":"https:\/\/paraviajantes.com\/en\/wp-json\/wp\/v2\/media?parent=1999"}],"wp:term":[{"taxonomy":"product_brand","embeddable":true,"href":"https:\/\/paraviajantes.com\/en\/wp-json\/wp\/v2\/product_brand?post=1999"},{"taxonomy":"product_cat","embeddable":true,"href":"https:\/\/paraviajantes.com\/en\/wp-json\/wp\/v2\/product_cat?post=1999"},{"taxonomy":"product_tag","embeddable":true,"href":"https:\/\/paraviajantes.com\/en\/wp-json\/wp\/v2\/product_tag?post=1999"}],"curies":[{"name":"wp","href":"https:\/\/api.w.org\/{rel}","templated":true}]}}