{"id":2064,"date":"2023-03-21T12:18:36","date_gmt":"2023-03-21T12:18:36","guid":{"rendered":"http:\/\/paraviajantes.com\/?post_type=product&#038;p=2064"},"modified":"2025-02-28T18:58:48","modified_gmt":"2025-02-28T18:58:48","slug":"tour-contoy","status":"publish","type":"product","link":"https:\/\/paraviajantes.com\/en\/product\/tour-contoy\/","title":{"rendered":"Tour 2&#215;1: Isla Contoy + Isla Mujeres !"},"content":{"rendered":"<p>Prep\u00e1rate para visitar dos de\u00a0<strong>las islas m\u00e1s hermosas del Caribe Mexicano: Isla Mujeres e Isla Contoy.<\/strong><\/p>\n<p>Comienza esta traves\u00eda partiendo del muelle en Canc\u00fan. Zarpa a bordo de una de nuestras embarcaciones con destino al muelle central de Isla Mujeres, en donde tendr\u00e1s una hora libre para explorar la isla.<\/p>\n<p>Tu siguiente parada ser\u00e1 en el\u00a0<strong>arrecife Ixlach\u00e9<\/strong>. Aprende de un gu\u00eda experto las maravillas que se esconden bajo las aguas azules del Caribe, desde colorida fauna marina, hasta flora imprescindible para el bienestar del planeta.<\/p>\n<p>Contin\u00faa tu aventura con destino a Isla Contoy. Pon atenci\u00f3n durante el camino porque podr\u00edas ver tortugas marinas, manta rayas e incluso delfines.<\/p>\n<p>Una vez que hayas llegado a la isla, ingresar\u00e1s al Parque Nacional Isla Contoy y ser\u00e1s uno de los afortunados visitantes, ya que\u00a0<strong>el parque solo permite el ingreso de 200 personas al d\u00eda<\/strong>. Sus \u00fanicos habitantes son bi\u00f3logos y cient\u00edficos que realizan investigaciones que ayudan a preservar las especies que viven ah\u00ed, es por eso que tan solo se permite una limitada cantidad de visitantes, con el fin de conservar la isla en su estado natural.<\/p>\n<p>Visitar\u00e1s la laguna, observar\u00e1s aves marinas, explorar\u00e1s pasadizos secretos con nuestros gu\u00edas certificados, o si lo prefieres, te relajar\u00e1s en la hermosa playa virgen y nadar\u00e1s en sus aguas turquesas.<\/p>\n<p>Ir a este para\u00edso natural es\u00a0<strong>una experiencia \u00fanica en la vida<\/strong>\u00a0y, a diferencia de otros tours que hayas realizado antes, su exclusividad combina aventura y educaci\u00f3n para brindarte un recuerdo inolvidable de tu visita a M\u00e9xico.<\/p>\n<p class=\"mb-3\">","protected":false},"excerpt":{"rendered":"<table style=\"border-collapse: collapse; width: 100%;\">\n<tbody>\n<tr>\n<td style=\"width: 50%;\"><img decoding=\"async\" class=\"aligncenter wp-image-721\" src=\"http:\/\/paraviajantes.com\/wp-content\/uploads\/2023\/02\/reloj-de-pared-300x300.png\" alt=\"\" width=\"100\" height=\"100\" srcset=\"https:\/\/paraviajantes.com\/wp-content\/uploads\/2023\/02\/reloj-de-pared-300x300.png 300w, https:\/\/paraviajantes.com\/wp-content\/uploads\/2023\/02\/reloj-de-pared-150x150.png 150w, https:\/\/paraviajantes.com\/wp-content\/uploads\/2023\/02\/reloj-de-pared-12x12.png 12w, https:\/\/paraviajantes.com\/wp-content\/uploads\/2023\/02\/reloj-de-pared-100x100.png 100w, https:\/\/paraviajantes.com\/wp-content\/uploads\/2023\/02\/reloj-de-pared.png 512w\" sizes=\"(max-width: 100px) 100vw, 100px\" \/><\/td>\n<td style=\"width: 50%; text-align: center;\">\n<h6><span style=\"font-size: 18pt;\"><strong>Duraci\u00f3n<\/strong><\/span><\/h6>\n<div class=\"zcyXe f _Y\">\n<ul>\n<li style=\"text-align: left;\"><span class=\"biGQs _P pZUbB egaXP KxBGd\">Duraci\u00f3n: De 11 a 12hs horas<\/span><\/li>\n<\/ul>\n<\/div>\n<div class=\"zcyXe f _Y\">\n<ul>\n<li style=\"text-align: left;\"><span class=\"biGQs _P pZUbB egaXP KxBGd\">Hora de inicio: ver disponibilidad<\/span><\/li>\n<\/ul>\n<\/div>\n<\/td>\n<\/tr>\n<tr>\n<td style=\"width: 50%;\"><img decoding=\"async\" class=\"aligncenter wp-image-563\" src=\"http:\/\/paraviajantes.com\/wp-content\/uploads\/2023\/02\/foto-150x150.png\" alt=\"\" width=\"100\" height=\"100\" srcset=\"https:\/\/paraviajantes.com\/wp-content\/uploads\/2023\/02\/foto-150x150.png 150w, https:\/\/paraviajantes.com\/wp-content\/uploads\/2023\/02\/foto-300x300.png 300w, https:\/\/paraviajantes.com\/wp-content\/uploads\/2023\/02\/foto-100x100.png 100w, https:\/\/paraviajantes.com\/wp-content\/uploads\/2023\/02\/foto-12x12.png 12w, https:\/\/paraviajantes.com\/wp-content\/uploads\/2023\/02\/foto.png 512w\" sizes=\"(max-width: 100px) 100vw, 100px\" \/><\/td>\n<td style=\"width: 50%;\">\n<h6 style=\"text-align: center;\"><span style=\"font-size: 18pt;\"><strong>Incluido<\/strong><\/span><\/h6>\n<ul>\n<li><span class=\"biGQs _P pZUbB KxBGd\">Traslado de ida y vuelta al hotel (Autob\u00fas o Van).<\/span><\/li>\n<li>Gu\u00eda Biling\u00fce.<\/li>\n<li>Equipo y actividad de snorkel (si el clima lo permite)<\/li>\n<li>Barra libre todo el d\u00eda<\/li>\n<li>Pan y Fruta a bordo de la embarcaci\u00f3n.<\/li>\n<li>Lunch tipo buffet en Isla Contoy.<\/li>\n<li>Visita ecol\u00f3gica guiada en Isla Contoy<\/li>\n<\/ul>\n<\/td>\n<\/tr>\n<tr>\n<td style=\"width: 50%;\"><img decoding=\"async\" class=\"aligncenter wp-image-563\" src=\"http:\/\/paraviajantes.com\/wp-content\/uploads\/2023\/02\/foto-300x300.png\" alt=\"\" width=\"100\" height=\"100\" srcset=\"https:\/\/paraviajantes.com\/wp-content\/uploads\/2023\/02\/foto-300x300.png 300w, https:\/\/paraviajantes.com\/wp-content\/uploads\/2023\/02\/foto-100x100.png 100w, https:\/\/paraviajantes.com\/wp-content\/uploads\/2023\/02\/foto-150x150.png 150w, https:\/\/paraviajantes.com\/wp-content\/uploads\/2023\/02\/foto-12x12.png 12w, https:\/\/paraviajantes.com\/wp-content\/uploads\/2023\/02\/foto.png 512w\" sizes=\"(max-width: 100px) 100vw, 100px\" \/><\/td>\n<td style=\"width: 50%;\">\n<h6 style=\"text-align: center;\"><span style=\"font-size: 18pt;\"><strong>No Incluido<\/strong><\/span><\/h6>\n<ul>\n<li>Gastos adicionales.<\/li>\n<li>Toallas<\/li>\n<li>Impuestos portuarios<\/li>\n<\/ul>\n<\/td>\n<\/tr>\n<\/tbody>\n<\/table>","protected":false},"featured_media":2115,"comment_status":"open","ping_status":"closed","template":"","meta":[],"product_brand":[],"product_cat":[26,27],"product_tag":[],"class_list":{"0":"post-2064","1":"product","2":"type-product","3":"status-publish","4":"has-post-thumbnail","6":"product_cat-mexico","7":"product_cat-rivera-maya","9":"first","10":"instock","11":"virtual","12":"sold-individually","13":"purchasable","14":"product-type-booking"},"_links":{"self":[{"href":"https:\/\/paraviajantes.com\/en\/wp-json\/wp\/v2\/product\/2064","targetHints":{"allow":["GET"]}}],"collection":[{"href":"https:\/\/paraviajantes.com\/en\/wp-json\/wp\/v2\/product"}],"about":[{"href":"https:\/\/paraviajantes.com\/en\/wp-json\/wp\/v2\/types\/product"}],"replies":[{"embeddable":true,"href":"https:\/\/paraviajantes.com\/en\/wp-json\/wp\/v2\/comments?post=2064"}],"wp:featuredmedia":[{"embeddable":true,"href":"https:\/\/paraviajantes.com\/en\/wp-json\/wp\/v2\/media\/2115"}],"wp:attachment":[{"href":"https:\/\/paraviajantes.com\/en\/wp-json\/wp\/v2\/media?parent=2064"}],"wp:term":[{"taxonomy":"product_brand","embeddable":true,"href":"https:\/\/paraviajantes.com\/en\/wp-json\/wp\/v2\/product_brand?post=2064"},{"taxonomy":"product_cat","embeddable":true,"href":"https:\/\/paraviajantes.com\/en\/wp-json\/wp\/v2\/product_cat?post=2064"},{"taxonomy":"product_tag","embeddable":true,"href":"https:\/\/paraviajantes.com\/en\/wp-json\/wp\/v2\/product_tag?post=2064"}],"curies":[{"name":"wp","href":"https:\/\/api.w.org\/{rel}","templated":true}]}}