{"id":2075,"date":"2023-03-21T12:36:15","date_gmt":"2023-03-21T12:36:15","guid":{"rendered":"http:\/\/paraviajantes.com\/?post_type=product&#038;p=2075"},"modified":"2025-02-28T18:58:33","modified_gmt":"2025-02-28T18:58:33","slug":"tour-casa-tortuga","status":"publish","type":"product","link":"https:\/\/paraviajantes.com\/en\/product\/tour-casa-tortuga\/","title":{"rendered":"Tour Cenotes Casa Tortuga &#8211; Tulum"},"content":{"rendered":"<p class=\"description text-center\"><strong>Cenotes Casa Tortuga Tulum<\/strong> es un Parque Natural repleto de aventuras, experiencias y momentos inolvidables. En el tour con gu\u00eda podr\u00e1s conocer misterios de las cuevas milenarias, secretos de la selva maya y miles de aventuras en sus aguas cristalinas.<\/p>\n<p>El tour Incluye: Entrada &#8211; Visita guiada a 4 cenotes:<br \/>\n*Cenote campana caverna<br \/>\n*Cenote jaguar caverna<br \/>\n*Cenote 3 zapotes abierto<br \/>\n*Cenote wisho semi abierto<\/p>\n<p>Chalecos salvavidas &#8211; Gu\u00eda certificado en cada cenote &#8211; \u00a0Tiempo libre en cada cenote.<\/p>\n<p class=\"description\">Si eres de las personas a las que les gusta vivir nuevas experiencias llenas de adrenalina, has llegado al lugar indicado. Con una profundidad que var\u00eda desde 1 a 8 metros te dejar\u00e1 asombrado el color verde jade y sus aguas cristalinas que te permite distinguir el fondo de los cenotes. Infinidad de peces, aves y exuberante flora adornan los alrededores de cada cenote.<\/p>\n<p class=\"description\">El contar con la selva maya, los \u00e1rboles y fauna nativa es una bendici\u00f3n de la naturaleza. En cada recorrido les explicamos a nuestros visitantes la importancia de la conservaci\u00f3n de nuestros recursos naturales, especialmente del agua y la manera correcta de ingresar a los cenotes ya que, para nuestra cultura maya, son sitios sagrados.<\/p>\n<p>&nbsp;<\/p>\n<p>&nbsp;<\/p>","protected":false},"excerpt":{"rendered":"<table style=\"border-collapse: collapse; width: 100%;\">\n<tbody>\n<tr>\n<td style=\"width: 50%;\"><img decoding=\"async\" class=\"aligncenter wp-image-721\" src=\"http:\/\/paraviajantes.com\/wp-content\/uploads\/2023\/02\/reloj-de-pared-300x300.png\" alt=\"\" width=\"100\" height=\"100\" srcset=\"https:\/\/paraviajantes.com\/wp-content\/uploads\/2023\/02\/reloj-de-pared-300x300.png 300w, https:\/\/paraviajantes.com\/wp-content\/uploads\/2023\/02\/reloj-de-pared-150x150.png 150w, https:\/\/paraviajantes.com\/wp-content\/uploads\/2023\/02\/reloj-de-pared-12x12.png 12w, https:\/\/paraviajantes.com\/wp-content\/uploads\/2023\/02\/reloj-de-pared-100x100.png 100w, https:\/\/paraviajantes.com\/wp-content\/uploads\/2023\/02\/reloj-de-pared.png 512w\" sizes=\"(max-width: 100px) 100vw, 100px\" \/><\/td>\n<td style=\"width: 50%; text-align: center;\">\n<h6><span style=\"font-size: 18pt;\"><strong>Duraci\u00f3n<\/strong><\/span><\/h6>\n<div class=\"zcyXe f _Y\">\n<ul>\n<li style=\"text-align: left;\"><span class=\"biGQs _P pZUbB egaXP KxBGd\">Duraci\u00f3n: De 5 a 8hs horas<\/span><\/li>\n<\/ul>\n<\/div>\n<div class=\"zcyXe f _Y\">\n<ul>\n<li style=\"text-align: left;\"><span class=\"biGQs _P pZUbB egaXP KxBGd\">Hora de inicio: 7:50 am &#8211; 11:00 am &#8211; 13hs pm.<\/span><\/li>\n<li style=\"text-align: left;\">Hora de Regreso: 15hs &#8211; 17.30hs pm<\/li>\n<\/ul>\n<\/div>\n<\/td>\n<\/tr>\n<tr>\n<td style=\"width: 50%;\"><\/td>\n<td style=\"width: 50%;\">\n<ul>\n<li><span class=\"biGQs _P pZUbB KxBGd\">Traslado de ida y vuelta al hotel (Autob\u00fas o Van).<\/span><\/li>\n<li>Gu\u00eda Biling\u00fce.<\/li>\n<li>Entrada al complejo Casa Tortuga<\/li>\n<li>Visita guiada a 4 cenotes:<br \/>\n*Cenote campana caverna<br \/>\n*Cenote jaguar caverna<br \/>\n*Cenote 3 zapotes abierto<br \/>\n*Cenote wisho semi abierto<\/li>\n<\/ul>\n<\/td>\n<\/tr>\n<tr>\n<td style=\"width: 50%;\"><img decoding=\"async\" class=\"aligncenter wp-image-563\" src=\"http:\/\/paraviajantes.com\/wp-content\/uploads\/2023\/02\/foto-300x300.png\" alt=\"\" width=\"100\" height=\"100\" srcset=\"https:\/\/paraviajantes.com\/wp-content\/uploads\/2023\/02\/foto-300x300.png 300w, https:\/\/paraviajantes.com\/wp-content\/uploads\/2023\/02\/foto-100x100.png 100w, https:\/\/paraviajantes.com\/wp-content\/uploads\/2023\/02\/foto-150x150.png 150w, https:\/\/paraviajantes.com\/wp-content\/uploads\/2023\/02\/foto-12x12.png 12w, https:\/\/paraviajantes.com\/wp-content\/uploads\/2023\/02\/foto.png 512w\" sizes=\"(max-width: 100px) 100vw, 100px\" \/><\/td>\n<td style=\"width: 50%;\">\n<h6 style=\"text-align: center;\"><span style=\"font-size: 18pt;\"><strong>No Incluido<\/strong><\/span><\/h6>\n<ul>\n<li>Gastos adicionales.<\/li>\n<li>Comida .<\/li>\n<li>Tirolesa.<\/li>\n<\/ul>\n<\/td>\n<\/tr>\n<\/tbody>\n<\/table>","protected":false},"featured_media":2090,"comment_status":"open","ping_status":"closed","template":"","meta":[],"product_brand":[],"product_cat":[26,27],"product_tag":[],"class_list":{"0":"post-2075","1":"product","2":"type-product","3":"status-publish","4":"has-post-thumbnail","6":"product_cat-mexico","7":"product_cat-rivera-maya","9":"first","10":"instock","11":"virtual","12":"sold-individually","13":"purchasable","14":"product-type-booking"},"_links":{"self":[{"href":"https:\/\/paraviajantes.com\/en\/wp-json\/wp\/v2\/product\/2075","targetHints":{"allow":["GET"]}}],"collection":[{"href":"https:\/\/paraviajantes.com\/en\/wp-json\/wp\/v2\/product"}],"about":[{"href":"https:\/\/paraviajantes.com\/en\/wp-json\/wp\/v2\/types\/product"}],"replies":[{"embeddable":true,"href":"https:\/\/paraviajantes.com\/en\/wp-json\/wp\/v2\/comments?post=2075"}],"wp:featuredmedia":[{"embeddable":true,"href":"https:\/\/paraviajantes.com\/en\/wp-json\/wp\/v2\/media\/2090"}],"wp:attachment":[{"href":"https:\/\/paraviajantes.com\/en\/wp-json\/wp\/v2\/media?parent=2075"}],"wp:term":[{"taxonomy":"product_brand","embeddable":true,"href":"https:\/\/paraviajantes.com\/en\/wp-json\/wp\/v2\/product_brand?post=2075"},{"taxonomy":"product_cat","embeddable":true,"href":"https:\/\/paraviajantes.com\/en\/wp-json\/wp\/v2\/product_cat?post=2075"},{"taxonomy":"product_tag","embeddable":true,"href":"https:\/\/paraviajantes.com\/en\/wp-json\/wp\/v2\/product_tag?post=2075"}],"curies":[{"name":"wp","href":"https:\/\/api.w.org\/{rel}","templated":true}]}}