{"id":2129,"date":"2023-03-28T02:39:05","date_gmt":"2023-03-28T02:39:05","guid":{"rendered":"http:\/\/paraviajantes.com\/?post_type=product&#038;p=2129"},"modified":"2025-02-28T18:58:20","modified_gmt":"2025-02-28T18:58:20","slug":"tour-a-isla-mujeres-deluxe","status":"publish","type":"product","link":"https:\/\/paraviajantes.com\/en\/product\/tour-a-isla-mujeres-deluxe\/","title":{"rendered":"Tour a Isla Mujeres Deluxe Experience!"},"content":{"rendered":"<p>Existe \u00fanicamente un TOUR DE LUJO A ISLA MUJERES desde Canc\u00fan, exclusivo para hasta 25 pasajeros en un catamar\u00e1n de lujo.<\/p>\n<pre id=\"tw-target-text\" class=\"tw-data-text tw-text-large tw-ta\" dir=\"ltr\" data-placeholder=\"Traducci\u00f3n\"><span class=\"Y2IQFc\" lang=\"es\"><span style=\"font-family: georgia, palatino, serif;\">Disfrute de la calidez del sol, la brisa del mar y la incre\u00edble vista del cristalino oc\u00e9ano caribe\u00f1o mientras navega hacia un arrecife, donde tendr\u00e1 la oportunidad de hacer snorkel y admirar toda la maravillosa y colorida vida marina de la marina. Al llegar a Isla Mujeres prep\u00e1rate para disfrutar del original y primer club de playa en Isla Mujeres llamado Zama Beach Club.<\/span>\r\n<span style=\"font-family: georgia, palatino, serif;\">\r\nDisfrute del check-in expr\u00e9s mientras aborda un catamar\u00e1n de lujo con todo incluido, obtenga algunas bebidas premium de la barra libre premium especial y divi\u00e9rtase con un grupo peque\u00f1o, todo el personal se asegurar\u00e1 de que se sienta c\u00f3modo durante todo el d\u00eda. La primera parada durante la duraci\u00f3n del recorrido ser\u00eda en medio de la ruta Canc\u00fan-Isla Mujeres donde podr\u00e1s tener para tirarte al agua y hacer snorkel entre peces de colores.<\/span>\r\n<span style=\"font-family: georgia, palatino, serif;\">\r\nDespu\u00e9s de bucear, navegar\u00e1 hacia Isla Mujeres y llegar\u00e1 a Zama Beach Club, donde disfrutar\u00e1 de un almuerzo buffet caliente y otras bebidas de la barra libre premium. Aqu\u00ed te hospedar\u00e1s en el club de playa y te relajar\u00e1s en un \u00c1rea VIP con c\u00f3modas instalaciones. Despu\u00e9s, tambi\u00e9n tendr\u00e1 la oportunidad de visitar el centro de la ciudad de Isla Mujeres, donde podr\u00e1 disfrutar de tiempo libre caminando por las calles, visitando los sops y, si lo desea, disfrutar de la hermosa playa de Playa Norte antes de navegar de regreso a Canc\u00fan.<\/span><\/span><\/pre>","protected":false},"excerpt":{"rendered":"<table style=\"border-collapse: collapse; width: 100%;\">\n<tbody>\n<tr>\n<td style=\"width: 50%;\"><img decoding=\"async\" class=\"aligncenter wp-image-721\" src=\"http:\/\/paraviajantes.com\/wp-content\/uploads\/2023\/02\/reloj-de-pared-300x300.png\" alt=\"\" width=\"100\" height=\"100\" srcset=\"https:\/\/paraviajantes.com\/wp-content\/uploads\/2023\/02\/reloj-de-pared-300x300.png 300w, https:\/\/paraviajantes.com\/wp-content\/uploads\/2023\/02\/reloj-de-pared-150x150.png 150w, https:\/\/paraviajantes.com\/wp-content\/uploads\/2023\/02\/reloj-de-pared-12x12.png 12w, https:\/\/paraviajantes.com\/wp-content\/uploads\/2023\/02\/reloj-de-pared-100x100.png 100w, https:\/\/paraviajantes.com\/wp-content\/uploads\/2023\/02\/reloj-de-pared.png 512w\" sizes=\"(max-width: 100px) 100vw, 100px\" \/><\/td>\n<td style=\"width: 50%; text-align: center;\">\n<h6><span style=\"font-size: 18pt;\"><strong>Duraci\u00f3n<\/strong><\/span><\/h6>\n<div class=\"zcyXe f _Y\">\n<ul>\n<li style=\"text-align: left;\"><span class=\"biGQs _P pZUbB egaXP KxBGd\">Duraci\u00f3n: 7 horas<\/span><\/li>\n<\/ul>\n<\/div>\n<div class=\"zcyXe f _Y\">\n<ul>\n<li style=\"text-align: left;\"><span class=\"biGQs _P pZUbB egaXP KxBGd\">Horas: 10hs &#8211; 12hs\u00a0<\/span><\/li>\n<\/ul>\n<\/div>\n<\/td>\n<\/tr>\n<tr>\n<td style=\"width: 50%;\"><img decoding=\"async\" class=\"aligncenter wp-image-563\" src=\"http:\/\/paraviajantes.com\/wp-content\/uploads\/2023\/02\/foto-150x150.png\" alt=\"\" width=\"100\" height=\"100\" srcset=\"https:\/\/paraviajantes.com\/wp-content\/uploads\/2023\/02\/foto-150x150.png 150w, https:\/\/paraviajantes.com\/wp-content\/uploads\/2023\/02\/foto-300x300.png 300w, https:\/\/paraviajantes.com\/wp-content\/uploads\/2023\/02\/foto-100x100.png 100w, https:\/\/paraviajantes.com\/wp-content\/uploads\/2023\/02\/foto-12x12.png 12w, https:\/\/paraviajantes.com\/wp-content\/uploads\/2023\/02\/foto.png 512w\" sizes=\"(max-width: 100px) 100vw, 100px\" \/><\/td>\n<td style=\"width: 50%;\">\n<h6 style=\"text-align: center;\"><span style=\"font-size: 18pt;\"><strong>Incluido<\/strong><\/span><\/h6>\n<ul>\n<li class=\"seKux _d _c\"><span class=\"biGQs _P pZUbB KxBGd\">Equipamiento Snorkel.<\/span><\/li>\n<li class=\"seKux _d _c\"><span class=\"biGQs _P pZUbB KxBGd\">Impuesto portuario.<\/span><\/li>\n<li class=\"seKux _d _c\"><span class=\"biGQs _P pZUbB KxBGd\">Comida Buffet.<\/span><\/li>\n<li class=\"seKux _d _c\"><span class=\"biGQs _P pZUbB KxBGd\">Refrescos y bebidas premium ilimitado.\u00a0<\/span><\/li>\n<li class=\"seKux _d _c\"><span class=\"biGQs _P pZUbB KxBGd\">Traslado de ida y vuelta al hotel.<\/span><\/li>\n<li class=\"seKux _d _c\">Toallas &#8211; Check in Express.<\/li>\n<li class=\"seKux _d _c\"><span class=\"biGQs _P pZUbB KxBGd\">Area VIP en club de playa.<\/span><\/li>\n<li>2 horas de tiempo libre en la isla.<\/li>\n<\/ul>\n<\/td>\n<\/tr>\n<tr>\n<td style=\"width: 50%;\"><img decoding=\"async\" class=\"aligncenter wp-image-563\" src=\"http:\/\/paraviajantes.com\/wp-content\/uploads\/2023\/02\/foto-300x300.png\" alt=\"\" width=\"100\" height=\"100\" srcset=\"https:\/\/paraviajantes.com\/wp-content\/uploads\/2023\/02\/foto-300x300.png 300w, https:\/\/paraviajantes.com\/wp-content\/uploads\/2023\/02\/foto-100x100.png 100w, https:\/\/paraviajantes.com\/wp-content\/uploads\/2023\/02\/foto-150x150.png 150w, https:\/\/paraviajantes.com\/wp-content\/uploads\/2023\/02\/foto-12x12.png 12w, https:\/\/paraviajantes.com\/wp-content\/uploads\/2023\/02\/foto.png 512w\" sizes=\"(max-width: 100px) 100vw, 100px\" \/><\/td>\n<td style=\"width: 50%;\">\n<h6 style=\"text-align: center;\"><span style=\"font-size: 18pt;\"><strong>No Incluido<\/strong><\/span><\/h6>\n<ul>\n<li>Fotograf\u00edas y souvenires.<\/li>\n<\/ul>\n<\/td>\n<\/tr>\n<\/tbody>\n<\/table>\n<p>&nbsp;<\/p>","protected":false},"featured_media":2138,"comment_status":"open","ping_status":"closed","template":"","meta":[],"product_brand":[],"product_cat":[26,27],"product_tag":[],"class_list":{"0":"post-2129","1":"product","2":"type-product","3":"status-publish","4":"has-post-thumbnail","6":"product_cat-mexico","7":"product_cat-rivera-maya","9":"first","10":"instock","11":"virtual","12":"sold-individually","13":"purchasable","14":"product-type-booking"},"_links":{"self":[{"href":"https:\/\/paraviajantes.com\/en\/wp-json\/wp\/v2\/product\/2129","targetHints":{"allow":["GET"]}}],"collection":[{"href":"https:\/\/paraviajantes.com\/en\/wp-json\/wp\/v2\/product"}],"about":[{"href":"https:\/\/paraviajantes.com\/en\/wp-json\/wp\/v2\/types\/product"}],"replies":[{"embeddable":true,"href":"https:\/\/paraviajantes.com\/en\/wp-json\/wp\/v2\/comments?post=2129"}],"wp:featuredmedia":[{"embeddable":true,"href":"https:\/\/paraviajantes.com\/en\/wp-json\/wp\/v2\/media\/2138"}],"wp:attachment":[{"href":"https:\/\/paraviajantes.com\/en\/wp-json\/wp\/v2\/media?parent=2129"}],"wp:term":[{"taxonomy":"product_brand","embeddable":true,"href":"https:\/\/paraviajantes.com\/en\/wp-json\/wp\/v2\/product_brand?post=2129"},{"taxonomy":"product_cat","embeddable":true,"href":"https:\/\/paraviajantes.com\/en\/wp-json\/wp\/v2\/product_cat?post=2129"},{"taxonomy":"product_tag","embeddable":true,"href":"https:\/\/paraviajantes.com\/en\/wp-json\/wp\/v2\/product_tag?post=2129"}],"curies":[{"name":"wp","href":"https:\/\/api.w.org\/{rel}","templated":true}]}}