{"id":2223,"date":"2023-05-03T19:30:17","date_gmt":"2023-05-03T19:30:17","guid":{"rendered":"http:\/\/paraviajantes.com\/?post_type=product&#038;p=2223"},"modified":"2025-02-28T21:33:38","modified_gmt":"2025-02-28T21:33:38","slug":"cachi","status":"publish","type":"product","link":"https:\/\/paraviajantes.com\/en\/product\/cachi\/","title":{"rendered":"Glaciar Perito Moreno con Navegaci\u00f3n en barco!"},"content":{"rendered":"<p data-start=\"67\" data-end=\"349\">Vive una experiencia \u00fanica visitando el <strong data-start=\"107\" data-end=\"132\">Glaciar Perito Moreno<\/strong>, una de las maravillas naturales m\u00e1s impresionantes de la Patagonia. Partiendo desde <strong data-start=\"218\" data-end=\"233\">El Calafate<\/strong>, este tour incluye una <strong data-start=\"257\" data-end=\"282\">navegaci\u00f3n panor\u00e1mica<\/strong>, permiti\u00e9ndote admirar de cerca sus imponentes paredes de hielo.<\/p>\n<p data-start=\"351\" data-end=\"569\" data-is-last-node=\"\">Recorre las <strong data-start=\"363\" data-end=\"402\">pasarelas con vistas espectaculares<\/strong>, contempla los tonos azulados del glaciar y s\u00e9 testigo del incre\u00edble desprendimiento de bloques de hielo. \u00a1Una aventura imperdible en contacto con la naturaleza!<\/p>\n<h2>Description<\/h2>\n<p data-start=\"86\" data-end=\"360\">Descubre la majestuosidad del <strong data-start=\"116\" data-end=\"141\">Glaciar Perito Moreno<\/strong>, una de las maravillas naturales m\u00e1s impactantes del mundo, con este tour que combina la experiencia \u00fanica de recorrer las <strong data-start=\"265\" data-end=\"290\">pasarelas panor\u00e1micas<\/strong> y una <strong data-start=\"297\" data-end=\"321\">navegaci\u00f3n de 1 hora<\/strong> por el imponente frente del glaciar.<\/p>\n<h3 data-start=\"362\" data-end=\"390\">\ud83c\udfd4\ufe0f <strong data-start=\"370\" data-end=\"388\">La Experiencia<\/strong><\/h3>\n<p data-start=\"392\" data-end=\"695\">\ud83d\udccd <strong data-start=\"395\" data-end=\"423\">Salida desde El Calafate<\/strong><br data-start=\"423\" data-end=\"426\" \/>El tour comienza con el traslado desde <strong data-start=\"465\" data-end=\"480\">El Calafate<\/strong> hacia el <strong data-start=\"490\" data-end=\"523\">Parque Nacional Los Glaciares<\/strong>, donde se encuentra el famoso <strong data-start=\"554\" data-end=\"579\">Glaciar Perito Moreno<\/strong>. Durante el recorrido, disfrutar\u00e1s de paisajes espectaculares de la estepa patag\u00f3nica, lagos, monta\u00f1as y bosques.<\/p>\n<p data-start=\"697\" data-end=\"1071\">\ud83d\udc63 <strong data-start=\"700\" data-end=\"731\">Recorrido por las Pasarelas<\/strong><br data-start=\"731\" data-end=\"734\" \/>Al llegar, tendr\u00e1s tiempo libre para recorrer el <strong data-start=\"783\" data-end=\"807\">sistema de pasarelas<\/strong>, que ofrece distintos miradores y perspectivas del glaciar. Desde estos puntos panor\u00e1micos, podr\u00e1s admirar sus <strong data-start=\"919\" data-end=\"978\">paredes de hielo azuladas de m\u00e1s de 60 metros de altura<\/strong> y escuchar el impactante sonido de los bloques de hielo desprendi\u00e9ndose y cayendo al agua.<\/p>\n<p data-start=\"1073\" data-end=\"1481\">\ud83d\udea2 <strong data-start=\"1076\" data-end=\"1117\">Navegaci\u00f3n Frente al Glaciar (1 Hora)<\/strong><br data-start=\"1117\" data-end=\"1120\" \/>La aventura contin\u00faa con una <strong data-start=\"1149\" data-end=\"1183\">navegaci\u00f3n exclusiva de 1 hora<\/strong>, que te permitir\u00e1 acercarte al <strong data-start=\"1215\" data-end=\"1241\">frente sur del glaciar<\/strong>. Desde la embarcaci\u00f3n, tendr\u00e1s una vista privilegiada de las formaciones de hielo, sus grietas y la inmensidad de este coloso natural. Una oportunidad \u00fanica para <strong data-start=\"1404\" data-end=\"1437\">capturar fotos impresionantes<\/strong> y sentir la energ\u00eda del glaciar de cerca.<\/p>\n<h3 data-start=\"1483\" data-end=\"1503\">\u2705 <strong data-start=\"1489\" data-end=\"1501\">Incluye:<\/strong><\/h3>\n<p data-start=\"1504\" data-end=\"1742\">\u2714\ufe0f Traslado ida y vuelta desde <strong data-start=\"1535\" data-end=\"1550\">El Calafate<\/strong><br data-start=\"1550\" data-end=\"1553\" \/>\u2714\ufe0f Tiempo libre para recorrer las <strong data-start=\"1667\" data-end=\"1692\">pasarelas panor\u00e1micas<\/strong><br data-start=\"1692\" data-end=\"1695\" \/>\u2714\ufe0f <strong data-start=\"1698\" data-end=\"1722\">Navegaci\u00f3n de 1 hora<\/strong> frente al glaciar<\/p>\n<h3 data-start=\"1744\" data-end=\"1768\">\ud83d\udeab <strong data-start=\"1751\" data-end=\"1766\">No incluye:<\/strong><\/h3>\n<p><strong data-start=\"1556\" data-end=\"1600\">Ingreso al Parque Nacional Los Glaciares<\/strong> (<em data-start=\"1602\" data-end=\"1629\">USD 12<\/em>)<\/p>","protected":false},"excerpt":{"rendered":"<table style=\"border-collapse: collapse; width: 100%;\">\n<tbody>\n<tr>\n<td style=\"width: 50%;\"><img decoding=\"async\" class=\"aligncenter wp-image-721\" src=\"http:\/\/paraviajantes.com\/wp-content\/uploads\/2023\/02\/reloj-de-pared-300x300.png\" alt=\"\" width=\"100\" height=\"100\" srcset=\"https:\/\/paraviajantes.com\/wp-content\/uploads\/2023\/02\/reloj-de-pared-300x300.png 300w, https:\/\/paraviajantes.com\/wp-content\/uploads\/2023\/02\/reloj-de-pared-150x150.png 150w, https:\/\/paraviajantes.com\/wp-content\/uploads\/2023\/02\/reloj-de-pared-12x12.png 12w, https:\/\/paraviajantes.com\/wp-content\/uploads\/2023\/02\/reloj-de-pared-100x100.png 100w, https:\/\/paraviajantes.com\/wp-content\/uploads\/2023\/02\/reloj-de-pared.png 512w\" sizes=\"(max-width: 100px) 100vw, 100px\" \/><\/td>\n<td style=\"width: 50%; text-align: center;\">\n<h6><span style=\"font-size: 18pt;\"><strong>Duraci\u00f3n<\/strong><\/span><\/h6>\n<div class=\"zcyXe f _Y\">\n<ul>\n<li style=\"text-align: left;\"><span class=\"biGQs _P pZUbB egaXP KxBGd\">Duraci\u00f3n: Dia completo<\/span><\/li>\n<\/ul>\n<\/div>\n<div class=\"zcyXe f _Y\"><\/div>\n<\/td>\n<\/tr>\n<tr>\n<td style=\"width: 50%;\"><img decoding=\"async\" class=\"aligncenter wp-image-563\" src=\"http:\/\/paraviajantes.com\/wp-content\/uploads\/2023\/02\/foto-150x150.png\" alt=\"\" width=\"100\" height=\"100\" srcset=\"https:\/\/paraviajantes.com\/wp-content\/uploads\/2023\/02\/foto-150x150.png 150w, https:\/\/paraviajantes.com\/wp-content\/uploads\/2023\/02\/foto-300x300.png 300w, https:\/\/paraviajantes.com\/wp-content\/uploads\/2023\/02\/foto-100x100.png 100w, https:\/\/paraviajantes.com\/wp-content\/uploads\/2023\/02\/foto-12x12.png 12w, https:\/\/paraviajantes.com\/wp-content\/uploads\/2023\/02\/foto.png 512w\" sizes=\"(max-width: 100px) 100vw, 100px\" \/><\/td>\n<td style=\"width: 50%;\">\n<h6 style=\"text-align: center;\"><span style=\"font-size: 18pt;\"><strong>Incluido<\/strong><\/span><\/h6>\n<ul>\n<li>Traslados: Recogida del hotel (entre las 06:30 y 07:15hs).<\/li>\n<li>Gu\u00eda Profesional en espa\u00f1ol e ingl\u00e9s<\/li>\n<li>Seguro<\/li>\n<\/ul>\n<\/td>\n<\/tr>\n<tr>\n<td style=\"width: 50%;\"><img decoding=\"async\" class=\"aligncenter wp-image-563\" src=\"http:\/\/paraviajantes.com\/wp-content\/uploads\/2023\/02\/foto-300x300.png\" alt=\"\" width=\"100\" height=\"100\" srcset=\"https:\/\/paraviajantes.com\/wp-content\/uploads\/2023\/02\/foto-300x300.png 300w, https:\/\/paraviajantes.com\/wp-content\/uploads\/2023\/02\/foto-100x100.png 100w, https:\/\/paraviajantes.com\/wp-content\/uploads\/2023\/02\/foto-150x150.png 150w, https:\/\/paraviajantes.com\/wp-content\/uploads\/2023\/02\/foto-12x12.png 12w, https:\/\/paraviajantes.com\/wp-content\/uploads\/2023\/02\/foto.png 512w\" sizes=\"(max-width: 100px) 100vw, 100px\" \/><\/td>\n<td style=\"width: 50%;\">\n<h6 style=\"text-align: center;\"><span style=\"font-size: 18pt;\"><strong>No Incluido<\/strong><\/span><\/h6>\n<ul>\n<li>Comidas y bebidas<\/li>\n<li>Entrada a Parque Nacional<\/li>\n<li>Propinas<\/li>\n<li>Fotos<\/li>\n<\/ul>\n<\/td>\n<\/tr>\n<\/tbody>\n<\/table>","protected":false},"featured_media":3044,"comment_status":"open","ping_status":"closed","template":"","meta":[],"product_brand":[],"product_cat":[21],"product_tag":[],"class_list":{"0":"post-2223","1":"product","2":"type-product","3":"status-publish","4":"has-post-thumbnail","6":"product_cat-norte-argentino","8":"first","9":"instock","10":"virtual","11":"sold-individually","12":"purchasable","13":"product-type-booking"},"_links":{"self":[{"href":"https:\/\/paraviajantes.com\/en\/wp-json\/wp\/v2\/product\/2223","targetHints":{"allow":["GET"]}}],"collection":[{"href":"https:\/\/paraviajantes.com\/en\/wp-json\/wp\/v2\/product"}],"about":[{"href":"https:\/\/paraviajantes.com\/en\/wp-json\/wp\/v2\/types\/product"}],"replies":[{"embeddable":true,"href":"https:\/\/paraviajantes.com\/en\/wp-json\/wp\/v2\/comments?post=2223"}],"wp:featuredmedia":[{"embeddable":true,"href":"https:\/\/paraviajantes.com\/en\/wp-json\/wp\/v2\/media\/3044"}],"wp:attachment":[{"href":"https:\/\/paraviajantes.com\/en\/wp-json\/wp\/v2\/media?parent=2223"}],"wp:term":[{"taxonomy":"product_brand","embeddable":true,"href":"https:\/\/paraviajantes.com\/en\/wp-json\/wp\/v2\/product_brand?post=2223"},{"taxonomy":"product_cat","embeddable":true,"href":"https:\/\/paraviajantes.com\/en\/wp-json\/wp\/v2\/product_cat?post=2223"},{"taxonomy":"product_tag","embeddable":true,"href":"https:\/\/paraviajantes.com\/en\/wp-json\/wp\/v2\/product_tag?post=2223"}],"curies":[{"name":"wp","href":"https:\/\/api.w.org\/{rel}","templated":true}]}}