{"id":2257,"date":"2023-05-03T20:12:42","date_gmt":"2023-05-03T20:12:42","guid":{"rendered":"http:\/\/paraviajantes.com\/?post_type=product&#038;p=2257"},"modified":"2025-02-28T21:44:43","modified_gmt":"2025-02-28T21:44:43","slug":"tourchalten","status":"publish","type":"product","link":"https:\/\/paraviajantes.com\/en\/product\/tourchalten\/","title":{"rendered":"Full day por el Chalten, Miradores y Chorrillos!"},"content":{"rendered":"<p data-start=\"82\" data-end=\"383\">Descubre la belleza de la <strong data-start=\"108\" data-end=\"132\">capital del trekking<\/strong>, El Chalt\u00e9n, en una excursi\u00f3n imperdible que te llevar\u00e1 a explorar miradores panor\u00e1micos, paisajes de monta\u00f1a y la impresionante cascada <strong data-start=\"270\" data-end=\"293\">Chorrillo del Salto<\/strong>. Ideal para quienes buscan disfrutar de la naturaleza sin realizar caminatas exigentes.<\/p>\n<h3 data-start=\"385\" data-end=\"422\">\ud83d\udccd <strong data-start=\"392\" data-end=\"420\">Salida desde El Calafate<\/strong><\/h3>\n<p data-start=\"423\" data-end=\"761\">El tour comienza temprano con el traslado desde <strong data-start=\"471\" data-end=\"486\">El Calafate<\/strong> hacia <strong data-start=\"493\" data-end=\"507\">El Chalt\u00e9n<\/strong>, en un recorrido de aproximadamente <strong data-start=\"544\" data-end=\"555\">3 horas<\/strong> por la <strong data-start=\"563\" data-end=\"581\">m\u00edtica Ruta 40<\/strong>. Durante el viaje, atravesaremos la estepa patag\u00f3nica y bordearemos el <strong data-start=\"653\" data-end=\"688\">Lago Argentino y el Lago Viedma<\/strong>, con vistas impresionantes del <strong data-start=\"720\" data-end=\"758\">Glaciar Viedma y el Cerro Fitz Roy<\/strong>.<\/p>\n<h3 data-start=\"763\" data-end=\"808\">\ud83c\udf04 <strong data-start=\"770\" data-end=\"806\">Paradas en Miradores Panor\u00e1micos<\/strong><\/h3>\n<p data-start=\"809\" data-end=\"1018\">Antes de llegar al pueblo, haremos <strong data-start=\"844\" data-end=\"891\">paradas estrat\u00e9gicas en miradores naturales<\/strong>, desde donde podr\u00e1s admirar los majestuosos paisajes del <strong data-start=\"949\" data-end=\"982\">Parque Nacional Los Glaciares<\/strong> y tomar fotograf\u00edas inolvidables.<\/p>\n<h3 data-start=\"1020\" data-end=\"1060\">\ud83d\udeb6\u200d\u2642\ufe0f <strong data-start=\"1030\" data-end=\"1058\">Recorrido por El Chalt\u00e9n<\/strong><\/h3>\n<p data-start=\"1061\" data-end=\"1297\">Al llegar a <strong data-start=\"1073\" data-end=\"1087\">El Chalt\u00e9n<\/strong>, tendr\u00e1s <strong data-start=\"1097\" data-end=\"1113\">tiempo libre<\/strong> para recorrer este encantador pueblo de monta\u00f1a, conocer su historia y disfrutar de su atm\u00f3sfera \u00fanica. Tambi\u00e9n podr\u00e1s optar por una caminata corta hasta alg\u00fan otro mirador cercano.<\/p>\n<h3 data-start=\"1299\" data-end=\"1361\">\ud83d\udca6 <strong data-start=\"1306\" data-end=\"1359\">Chorrillo del Salto \u2013 Un Rinc\u00f3n Natural Incre\u00edble<\/strong><\/h3>\n<p data-start=\"1362\" data-end=\"1703\">La excursi\u00f3n contin\u00faa con la visita a <strong data-start=\"1400\" data-end=\"1423\">Chorrillo del Salto<\/strong>, una espectacular <strong data-start=\"1442\" data-end=\"1476\">cascada de 20 metros de altura<\/strong> rodeada de bosques nativos. Se llega a trav\u00e9s de un sendero de baja dificultad, ideal para todo tipo de viajeros. Aqu\u00ed podr\u00e1s relajarte, respirar aire puro y disfrutar del sonido del agua en un entorno completamente natural.<\/p>\n<h3 data-start=\"1705\" data-end=\"1749\">\ud83c\udf7d\ufe0f <strong data-start=\"1713\" data-end=\"1747\">Almuerzo en Chalt\u00e9n (Opcional)<\/strong><\/h3>\n<p data-start=\"1750\" data-end=\"1874\">Tendr\u00e1s la opci\u00f3n de almorzar en uno de los restaurantes locales o llevar tu propia vianda para disfrutarla al aire libre.<\/p>\n<h3 data-start=\"1876\" data-end=\"1896\">\u2705 <strong data-start=\"1882\" data-end=\"1894\">Incluye:<\/strong><\/h3>\n<p data-start=\"1897\" data-end=\"2072\">\u2714\ufe0f <strong data-start=\"1900\" data-end=\"1943\">Traslado ida y vuelta desde El Calafate<\/strong><br data-start=\"1943\" data-end=\"1946\" \/>\u2714\ufe0f <strong data-start=\"1949\" data-end=\"1985\">Paradas en miradores panor\u00e1micos<\/strong><br data-start=\"1985\" data-end=\"1988\" \/>\u2714\ufe0f <strong data-start=\"1991\" data-end=\"2021\">Tiempo libre en El Chalt\u00e9n<\/strong><br data-start=\"2021\" data-end=\"2024\" \/>\u2714\ufe0f <strong data-start=\"2027\" data-end=\"2070\">Visita a la cascada Chorrillo del Salto<\/strong><\/p>\n<h3 data-start=\"2074\" data-end=\"2098\">\ud83d\udeab <strong data-start=\"2081\" data-end=\"2096\">No incluye:<\/strong><\/h3>\n<p data-start=\"2099\" data-end=\"2256\">\u274c <strong data-start=\"2101\" data-end=\"2113\">Almuerzo<\/strong> (<em data-start=\"2115\" data-end=\"2167\">opcional en restaurantes locales o vianda personal<\/em>)<br data-start=\"2168\" data-end=\"2171\" \/>\u274c <strong data-start=\"2173\" data-end=\"2223\">Caminatas largas o trekking de alta dificultad<\/strong> (<em data-start=\"2225\" data-end=\"2253\">opcional por cuenta propia<\/em>)<\/p>\n<p data-start=\"2258\" data-end=\"2450\" data-is-last-node=\"\">Un tour ideal para quienes desean conocer <strong data-start=\"2300\" data-end=\"2329\">El Chalt\u00e9n en un solo d\u00eda<\/strong>, disfrutar de paisajes impresionantes y explorar sin grandes exigencias f\u00edsicas. \u00a1Vive la magia de la Patagonia!<\/p>","protected":false},"excerpt":{"rendered":"<table style=\"border-collapse: collapse; width: 100%;\">\n<tbody>\n<tr>\n<td style=\"width: 50%;\"><img decoding=\"async\" class=\"aligncenter wp-image-721\" src=\"http:\/\/paraviajantes.com\/wp-content\/uploads\/2023\/02\/reloj-de-pared-300x300.png\" alt=\"\" width=\"100\" height=\"100\" srcset=\"https:\/\/paraviajantes.com\/wp-content\/uploads\/2023\/02\/reloj-de-pared-300x300.png 300w, https:\/\/paraviajantes.com\/wp-content\/uploads\/2023\/02\/reloj-de-pared-150x150.png 150w, https:\/\/paraviajantes.com\/wp-content\/uploads\/2023\/02\/reloj-de-pared-12x12.png 12w, https:\/\/paraviajantes.com\/wp-content\/uploads\/2023\/02\/reloj-de-pared-100x100.png 100w, https:\/\/paraviajantes.com\/wp-content\/uploads\/2023\/02\/reloj-de-pared.png 512w\" sizes=\"(max-width: 100px) 100vw, 100px\" \/><\/td>\n<td style=\"width: 50%; text-align: center;\">\n<h6><span style=\"font-size: 18pt;\"><strong>Duraci\u00f3n<\/strong><\/span><\/h6>\n<div class=\"zcyXe f _Y\">\n<ul>\n<li style=\"text-align: left;\"><span class=\"biGQs _P pZUbB egaXP KxBGd\">Duraci\u00f3n: 3 horas m\u00e1s transportaci\u00f3n a Tierra Sagrada<\/span><\/li>\n<\/ul>\n<\/div>\n<\/td>\n<\/tr>\n<tr>\n<td style=\"width: 50%;\"><img decoding=\"async\" class=\"aligncenter wp-image-563\" src=\"http:\/\/paraviajantes.com\/wp-content\/uploads\/2023\/02\/foto-150x150.png\" alt=\"\" width=\"100\" height=\"100\" srcset=\"https:\/\/paraviajantes.com\/wp-content\/uploads\/2023\/02\/foto-150x150.png 150w, https:\/\/paraviajantes.com\/wp-content\/uploads\/2023\/02\/foto-300x300.png 300w, https:\/\/paraviajantes.com\/wp-content\/uploads\/2023\/02\/foto-100x100.png 100w, https:\/\/paraviajantes.com\/wp-content\/uploads\/2023\/02\/foto-12x12.png 12w, https:\/\/paraviajantes.com\/wp-content\/uploads\/2023\/02\/foto.png 512w\" sizes=\"(max-width: 100px) 100vw, 100px\" \/><\/td>\n<td style=\"width: 50%;\">\n<h6 style=\"text-align: center;\"><span style=\"font-size: 18pt;\"><strong>Incluido<\/strong><\/span><\/h6>\n<ul>\n<li>Circuito ATV<\/li>\n<li>Equipo de protecci\u00f3n de cuerpo completo<\/li>\n<li>Buffet tradicional mexicano en Rancho Tierra Sagrada<\/li>\n<li>Cerveza y aguas de sabor<\/li>\n<li>Degustaci\u00f3n de tequila<\/li>\n<li>Transporte de ida y vuelta<\/li>\n<\/ul>\n<\/td>\n<\/tr>\n<tr>\n<td style=\"width: 50%;\"><\/td>\n<td style=\"width: 50%;\"><\/td>\n<\/tr>\n<\/tbody>\n<\/table>","protected":false},"featured_media":3069,"comment_status":"open","ping_status":"closed","template":"","meta":[],"product_brand":[],"product_cat":[37],"product_tag":[],"class_list":{"0":"post-2257","1":"product","2":"type-product","3":"status-publish","4":"has-post-thumbnail","6":"product_cat-sur-argentino","8":"first","9":"instock","10":"virtual","11":"sold-individually","12":"purchasable","13":"product-type-booking"},"_links":{"self":[{"href":"https:\/\/paraviajantes.com\/en\/wp-json\/wp\/v2\/product\/2257","targetHints":{"allow":["GET"]}}],"collection":[{"href":"https:\/\/paraviajantes.com\/en\/wp-json\/wp\/v2\/product"}],"about":[{"href":"https:\/\/paraviajantes.com\/en\/wp-json\/wp\/v2\/types\/product"}],"replies":[{"embeddable":true,"href":"https:\/\/paraviajantes.com\/en\/wp-json\/wp\/v2\/comments?post=2257"}],"wp:featuredmedia":[{"embeddable":true,"href":"https:\/\/paraviajantes.com\/en\/wp-json\/wp\/v2\/media\/3069"}],"wp:attachment":[{"href":"https:\/\/paraviajantes.com\/en\/wp-json\/wp\/v2\/media?parent=2257"}],"wp:term":[{"taxonomy":"product_brand","embeddable":true,"href":"https:\/\/paraviajantes.com\/en\/wp-json\/wp\/v2\/product_brand?post=2257"},{"taxonomy":"product_cat","embeddable":true,"href":"https:\/\/paraviajantes.com\/en\/wp-json\/wp\/v2\/product_cat?post=2257"},{"taxonomy":"product_tag","embeddable":true,"href":"https:\/\/paraviajantes.com\/en\/wp-json\/wp\/v2\/product_tag?post=2257"}],"curies":[{"name":"wp","href":"https:\/\/api.w.org\/{rel}","templated":true}]}}