{"id":2271,"date":"2023-05-03T20:24:39","date_gmt":"2023-05-03T20:24:39","guid":{"rendered":"http:\/\/paraviajantes.com\/?post_type=product&#038;p=2271"},"modified":"2025-02-28T21:48:40","modified_gmt":"2025-02-28T21:48:40","slug":"safariazul","status":"publish","type":"product","link":"https:\/\/paraviajantes.com\/en\/product\/safariazul\/","title":{"rendered":"Expericiencia Safari Azul: Caminata y Navegacion por Glaciares"},"content":{"rendered":"<h4><strong><span lang=\"ES\" xml:lang=\"ES\">Expericiencia Safari Azul: Caminata y Navegacion por Glaciares<\/span><\/strong><\/h4>\n<p>El Safari Azul est\u00e1 pensado para aquellos que, adem\u00e1s de navegar frente al Glaciar Perito Moreno, sue\u00f1an con acercarse al hielo glaciar! Este tour es una maravillosa opci\u00f3n para avistar, sorprenderse y maravillarse del Glaciar Perito Moreno, permiti\u00e9ndonos regresar con el alma cargada de energi\u0301a natural. Una vez en el Puerto Bajo de las Sombras, a solo 7 km de las pasarelas, tomaremos un barco para cruzar el Lago Rico y, luego de navegar 20 minutos, desembarcaremos en la costa opuesta. Poco a poco caminaremos por 30 minutos siempre con vista a la pared sur del Glaciar por si nos sorprende alg\u00fan estruendoso desprendimiento. Una vez al lado del hielo ser\u00e1 tiempo de una experiencia inolvidable\u2026<\/p>\n<p>\u00a1Podremos disfrutar plenamente de sus intensos y variados azules, blancos y sus caprichosas formas.<\/p>\n<p>Tendremos tiempo para tomar muchas fotos y luego regresaremos al lugar de embarque siempre acompa\u00f1ados por un gu\u00eda experimentado<\/p>","protected":false},"excerpt":{"rendered":"<table style=\"border-collapse: collapse; width: 100%;\">\n<tbody>\n<tr>\n<td style=\"width: 50%;\"><img decoding=\"async\" class=\"aligncenter wp-image-721\" src=\"http:\/\/paraviajantes.com\/wp-content\/uploads\/2023\/02\/reloj-de-pared-300x300.png\" alt=\"\" width=\"100\" height=\"100\" srcset=\"https:\/\/paraviajantes.com\/wp-content\/uploads\/2023\/02\/reloj-de-pared-300x300.png 300w, https:\/\/paraviajantes.com\/wp-content\/uploads\/2023\/02\/reloj-de-pared-150x150.png 150w, https:\/\/paraviajantes.com\/wp-content\/uploads\/2023\/02\/reloj-de-pared-12x12.png 12w, https:\/\/paraviajantes.com\/wp-content\/uploads\/2023\/02\/reloj-de-pared-100x100.png 100w, https:\/\/paraviajantes.com\/wp-content\/uploads\/2023\/02\/reloj-de-pared.png 512w\" sizes=\"(max-width: 100px) 100vw, 100px\" \/><\/td>\n<td style=\"width: 50%; text-align: center;\">\n<h6><span style=\"font-size: 18pt;\"><strong>Duraci\u00f3n<\/strong><\/span><\/h6>\n<div class=\"zcyXe f _Y\">\n<ul>\n<li style=\"text-align: left;\"><span class=\"biGQs _P pZUbB egaXP KxBGd\">Duraci\u00f3n: 8 horas m\u00e1s transportaci\u00f3n<\/span><\/li>\n<\/ul>\n<\/div>\n<\/td>\n<\/tr>\n<tr>\n<td style=\"width: 50%;\"><img decoding=\"async\" class=\"aligncenter wp-image-563\" src=\"http:\/\/paraviajantes.com\/wp-content\/uploads\/2023\/02\/foto-150x150.png\" alt=\"\" width=\"100\" height=\"100\" srcset=\"https:\/\/paraviajantes.com\/wp-content\/uploads\/2023\/02\/foto-150x150.png 150w, https:\/\/paraviajantes.com\/wp-content\/uploads\/2023\/02\/foto-300x300.png 300w, https:\/\/paraviajantes.com\/wp-content\/uploads\/2023\/02\/foto-100x100.png 100w, https:\/\/paraviajantes.com\/wp-content\/uploads\/2023\/02\/foto-12x12.png 12w, https:\/\/paraviajantes.com\/wp-content\/uploads\/2023\/02\/foto.png 512w\" sizes=\"(max-width: 100px) 100vw, 100px\" \/><\/td>\n<td style=\"width: 50%;\">\n<h6 style=\"text-align: center;\"><span style=\"font-size: 18pt;\"><strong>Incluido<\/strong><\/span><\/h6>\n<ul>\n<li class=\"feature__W54X\">\n<div>\n<div class=\"\">Embarque en Puerto<\/div>\n<\/div>\n<\/li>\n<li class=\"feature__W54X\">\n<div>\n<div class=\"\">Caminata por la Costa hasta el Glaciar<\/div>\n<\/div>\n<\/li>\n<li class=\"feature__W54X\">\n<div>\n<div class=\"\">Navegaci\u00f3n de regreso al Puerto<\/div>\n<\/div>\n<\/li>\n<li class=\"feature__W54X\">\n<div>\n<div class=\"\">Visita a pasarelas<\/div>\n<\/div>\n<\/li>\n<li class=\"feature__W54X\">\n<div>\n<div class=\"\">Transporte ida y vuelta (si incluye la opci\u00f3n con traslados)<\/div>\n<\/div>\n<\/li>\n<\/ul>\n<\/td>\n<\/tr>\n<tr>\n<td style=\"width: 50%;\"><\/td>\n<td style=\"width: 50%;\"><\/td>\n<\/tr>\n<\/tbody>\n<\/table>","protected":false},"featured_media":2615,"comment_status":"open","ping_status":"closed","template":"","meta":[],"product_brand":[],"product_cat":[37],"product_tag":[],"class_list":{"0":"post-2271","1":"product","2":"type-product","3":"status-publish","4":"has-post-thumbnail","6":"product_cat-sur-argentino","8":"first","9":"instock","10":"virtual","11":"sold-individually","12":"purchasable","13":"product-type-booking"},"_links":{"self":[{"href":"https:\/\/paraviajantes.com\/en\/wp-json\/wp\/v2\/product\/2271","targetHints":{"allow":["GET"]}}],"collection":[{"href":"https:\/\/paraviajantes.com\/en\/wp-json\/wp\/v2\/product"}],"about":[{"href":"https:\/\/paraviajantes.com\/en\/wp-json\/wp\/v2\/types\/product"}],"replies":[{"embeddable":true,"href":"https:\/\/paraviajantes.com\/en\/wp-json\/wp\/v2\/comments?post=2271"}],"wp:featuredmedia":[{"embeddable":true,"href":"https:\/\/paraviajantes.com\/en\/wp-json\/wp\/v2\/media\/2615"}],"wp:attachment":[{"href":"https:\/\/paraviajantes.com\/en\/wp-json\/wp\/v2\/media?parent=2271"}],"wp:term":[{"taxonomy":"product_brand","embeddable":true,"href":"https:\/\/paraviajantes.com\/en\/wp-json\/wp\/v2\/product_brand?post=2271"},{"taxonomy":"product_cat","embeddable":true,"href":"https:\/\/paraviajantes.com\/en\/wp-json\/wp\/v2\/product_cat?post=2271"},{"taxonomy":"product_tag","embeddable":true,"href":"https:\/\/paraviajantes.com\/en\/wp-json\/wp\/v2\/product_tag?post=2271"}],"curies":[{"name":"wp","href":"https:\/\/api.w.org\/{rel}","templated":true}]}}