{"id":2330,"date":"2023-05-04T02:50:33","date_gmt":"2023-05-04T02:50:33","guid":{"rendered":"http:\/\/paraviajantes.com\/?post_type=product&#038;p=2330"},"modified":"2025-03-01T12:50:39","modified_gmt":"2025-03-01T12:50:39","slug":"tour-native-experience","status":"publish","type":"product","link":"https:\/\/paraviajantes.com\/en\/product\/tour-native-experience\/","title":{"rendered":"Tour de Native Experience 4&#215;4"},"content":{"rendered":"<p data-start=\"73\" data-end=\"418\">Descubre la historia, la cultura y los paisajes m\u00e1s espectaculares de <strong data-start=\"143\" data-end=\"158\">El Calafate<\/strong> en una emocionante traves\u00eda <strong data-start=\"187\" data-end=\"194\">4&#215;4<\/strong> que te llevar\u00e1 a trav\u00e9s de la estepa patag\u00f3nica, con vistas panor\u00e1micas inigualables del <strong data-start=\"284\" data-end=\"302\">Lago Argentino<\/strong> y los majestuosos glaciares. Vive una experiencia aut\u00e9ntica combinando aventura, arqueolog\u00eda y gastronom\u00eda local.<\/p>\n<hr data-start=\"420\" data-end=\"423\" \/>\n<h3 data-start=\"425\" data-end=\"480\"><strong data-start=\"429\" data-end=\"478\">\ud83d\udccd Inicio del Tour \u2013 Salida desde El Calafate<\/strong><\/h3>\n<p data-start=\"481\" data-end=\"748\">El recorrido comienza con el <strong data-start=\"510\" data-end=\"539\">traslado en veh\u00edculos 4&#215;4<\/strong> desde El Calafate, ascendiendo por caminos esc\u00e9nicos hasta la <strong data-start=\"602\" data-end=\"636\">Reserva Natural Cerro Huyliche<\/strong>. Durante la traves\u00eda, los gu\u00edas compartir\u00e1n historias sobre la geograf\u00eda, la fauna y la vida en la Patagonia.<\/p>","protected":false},"excerpt":{"rendered":"<table style=\"border-collapse: collapse; width: 100%;\">\n<tbody>\n<tr>\n<td style=\"width: 50%;\"><img decoding=\"async\" class=\"aligncenter wp-image-721\" src=\"http:\/\/paraviajantes.com\/wp-content\/uploads\/2023\/02\/reloj-de-pared-300x300.png\" alt=\"\" width=\"100\" height=\"100\" srcset=\"https:\/\/paraviajantes.com\/wp-content\/uploads\/2023\/02\/reloj-de-pared-300x300.png 300w, https:\/\/paraviajantes.com\/wp-content\/uploads\/2023\/02\/reloj-de-pared-150x150.png 150w, https:\/\/paraviajantes.com\/wp-content\/uploads\/2023\/02\/reloj-de-pared-12x12.png 12w, https:\/\/paraviajantes.com\/wp-content\/uploads\/2023\/02\/reloj-de-pared-100x100.png 100w, https:\/\/paraviajantes.com\/wp-content\/uploads\/2023\/02\/reloj-de-pared.png 512w\" sizes=\"(max-width: 100px) 100vw, 100px\" \/><\/td>\n<td style=\"width: 50%; text-align: center;\">\n<h6><span style=\"font-size: 18pt;\"><strong>Duraci\u00f3n<\/strong><\/span><\/h6>\n<div class=\"zcyXe f _Y\">\n<ul>\n<li style=\"text-align: left;\"><span class=\"biGQs _P pZUbB egaXP KxBGd\">Duraci\u00f3n: 3 horas + transportaci\u00f3n<\/span><\/li>\n<\/ul>\n<\/div>\n<div class=\"zcyXe f _Y\"><\/div>\n<\/td>\n<\/tr>\n<tr>\n<td style=\"width: 50%;\"><img decoding=\"async\" class=\"aligncenter wp-image-563\" src=\"http:\/\/paraviajantes.com\/wp-content\/uploads\/2023\/02\/foto-150x150.png\" alt=\"\" width=\"100\" height=\"100\" srcset=\"https:\/\/paraviajantes.com\/wp-content\/uploads\/2023\/02\/foto-150x150.png 150w, https:\/\/paraviajantes.com\/wp-content\/uploads\/2023\/02\/foto-300x300.png 300w, https:\/\/paraviajantes.com\/wp-content\/uploads\/2023\/02\/foto-100x100.png 100w, https:\/\/paraviajantes.com\/wp-content\/uploads\/2023\/02\/foto-12x12.png 12w, https:\/\/paraviajantes.com\/wp-content\/uploads\/2023\/02\/foto.png 512w\" sizes=\"(max-width: 100px) 100vw, 100px\" \/><\/td>\n<td style=\"width: 50%;\">\n<h6 style=\"text-align: center;\"><span style=\"font-size: 18pt;\"><strong>Incluido<\/strong><\/span><\/h6>\n<ul>\n<li>Snack ligero<\/li>\n<li>Equipo de snorkel<\/li>\n<li>Tablas de stand-up paddle<\/li>\n<li>Kayak<\/li>\n<\/ul>\n<\/td>\n<\/tr>\n<tr>\n<td style=\"width: 50%;\"><img decoding=\"async\" class=\"aligncenter wp-image-563\" src=\"http:\/\/paraviajantes.com\/wp-content\/uploads\/2023\/02\/foto-300x300.png\" alt=\"\" width=\"100\" height=\"100\" srcset=\"https:\/\/paraviajantes.com\/wp-content\/uploads\/2023\/02\/foto-300x300.png 300w, https:\/\/paraviajantes.com\/wp-content\/uploads\/2023\/02\/foto-100x100.png 100w, https:\/\/paraviajantes.com\/wp-content\/uploads\/2023\/02\/foto-150x150.png 150w, https:\/\/paraviajantes.com\/wp-content\/uploads\/2023\/02\/foto-12x12.png 12w, https:\/\/paraviajantes.com\/wp-content\/uploads\/2023\/02\/foto.png 512w\" sizes=\"(max-width: 100px) 100vw, 100px\" \/><\/td>\n<td style=\"width: 50%;\">\n<h6 style=\"text-align: center;\"><span style=\"font-size: 18pt;\"><strong>No Incluido<\/strong><\/span><\/h6>\n<ul>\n<li>Fotograf\u00edas<\/li>\n<li>Recuerdos (souvenirs)<\/li>\n<li>Transportaci\u00f3n redonda<\/li>\n<li>Tour privado disponible<\/li>\n<li>Toallas<\/li>\n<\/ul>\n<\/td>\n<\/tr>\n<\/tbody>\n<\/table>","protected":false},"featured_media":0,"comment_status":"open","ping_status":"closed","template":"","meta":[],"product_brand":[],"product_cat":[37],"product_tag":[],"class_list":{"0":"post-2330","1":"product","2":"type-product","3":"status-publish","5":"product_cat-sur-argentino","7":"first","8":"instock","9":"virtual","10":"sold-individually","11":"purchasable","12":"product-type-booking"},"_links":{"self":[{"href":"https:\/\/paraviajantes.com\/en\/wp-json\/wp\/v2\/product\/2330","targetHints":{"allow":["GET"]}}],"collection":[{"href":"https:\/\/paraviajantes.com\/en\/wp-json\/wp\/v2\/product"}],"about":[{"href":"https:\/\/paraviajantes.com\/en\/wp-json\/wp\/v2\/types\/product"}],"replies":[{"embeddable":true,"href":"https:\/\/paraviajantes.com\/en\/wp-json\/wp\/v2\/comments?post=2330"}],"wp:attachment":[{"href":"https:\/\/paraviajantes.com\/en\/wp-json\/wp\/v2\/media?parent=2330"}],"wp:term":[{"taxonomy":"product_brand","embeddable":true,"href":"https:\/\/paraviajantes.com\/en\/wp-json\/wp\/v2\/product_brand?post=2330"},{"taxonomy":"product_cat","embeddable":true,"href":"https:\/\/paraviajantes.com\/en\/wp-json\/wp\/v2\/product_cat?post=2330"},{"taxonomy":"product_tag","embeddable":true,"href":"https:\/\/paraviajantes.com\/en\/wp-json\/wp\/v2\/product_tag?post=2330"}],"curies":[{"name":"wp","href":"https:\/\/api.w.org\/{rel}","templated":true}]}}