{"id":2653,"date":"2024-08-21T22:06:42","date_gmt":"2024-08-21T22:06:42","guid":{"rendered":"https:\/\/paraviajantes.com\/?post_type=product&#038;p=2653"},"modified":"2025-02-28T18:56:10","modified_gmt":"2025-02-28T18:56:10","slug":"arrayanes","status":"publish","type":"product","link":"https:\/\/paraviajantes.com\/en\/product\/arrayanes\/","title":{"rendered":"Navegacion Bosques de Arrayanes + Isla Victoria! Desde Bariloche."},"content":{"rendered":"<h4>Navegacion Bosques de Arrayanes + Isla Victoria<\/h4>\n<p>Es una excursi\u00f3n de mediod\u00eda en veh\u00edculo 4&#215;4 por las costas del Lago Argentino. Ideal para el d\u00eda de llegada o de partida, tiene un enfoque antropol\u00f3gico, haciendo un viaje en el tiempo sobre el paso del hombre en estas tierras, redescubriendo historias de las primeras expediciones y osados que se aventuraron en lo desconocido.<\/p>\n<p>Entre los acantilados y con vistas a la Cordillera de los Andes, la excursi\u00f3n se centra en los primeros contactos de aquellas expediciones con los nativos, para luego adentrarse en el mundo tehuelche.<\/p>\n<p>A orillas del lago se encuentran las cuevas donde hace miles de a\u00f1os aquella cultura dej\u00f3 sus huellas en la roca y que hoy nos introducen en su interpretaci\u00f3n.<\/p>\n<p>\u00a1\u00a1\u00a1\u00a1Podr\u00e1s tomar muchas fotos con vistas espectaculares, y disfrutar de un almuerzo\/cena tradicional patag\u00f3nica!!!!<\/p>\n<p>Sin duda, una gran experiencia para disfrutar durante tu estad\u00eda en Calafate.<\/p>","protected":false},"excerpt":{"rendered":"<table style=\"border-collapse: collapse; width: 100%;\">\n<tbody>\n<tr>\n<td style=\"width: 50%;\"><img decoding=\"async\" class=\"aligncenter wp-image-721\" src=\"http:\/\/paraviajantes.com\/wp-content\/uploads\/2023\/02\/reloj-de-pared-300x300.png\" alt=\"\" width=\"100\" height=\"100\" srcset=\"https:\/\/paraviajantes.com\/wp-content\/uploads\/2023\/02\/reloj-de-pared-300x300.png 300w, https:\/\/paraviajantes.com\/wp-content\/uploads\/2023\/02\/reloj-de-pared-150x150.png 150w, https:\/\/paraviajantes.com\/wp-content\/uploads\/2023\/02\/reloj-de-pared-12x12.png 12w, https:\/\/paraviajantes.com\/wp-content\/uploads\/2023\/02\/reloj-de-pared-100x100.png 100w, https:\/\/paraviajantes.com\/wp-content\/uploads\/2023\/02\/reloj-de-pared.png 512w\" sizes=\"(max-width: 100px) 100vw, 100px\" \/><\/td>\n<td style=\"width: 50%; text-align: center;\">\n<h6><span style=\"font-size: 18pt;\"><strong>Duraci\u00f3n<\/strong><\/span><\/h6>\n<div class=\"zcyXe f _Y\">\n<ul>\n<li style=\"text-align: left;\"><span class=\"biGQs _P pZUbB egaXP KxBGd\">Duraci\u00f3n: 6 horas m\u00e1s transportaci\u00f3n<\/span><\/li>\n<\/ul>\n<\/div>\n<\/td>\n<\/tr>\n<tr>\n<td style=\"width: 50%;\"><img decoding=\"async\" class=\"aligncenter wp-image-563\" src=\"http:\/\/paraviajantes.com\/wp-content\/uploads\/2023\/02\/foto-150x150.png\" alt=\"\" width=\"100\" height=\"100\" srcset=\"https:\/\/paraviajantes.com\/wp-content\/uploads\/2023\/02\/foto-150x150.png 150w, https:\/\/paraviajantes.com\/wp-content\/uploads\/2023\/02\/foto-300x300.png 300w, https:\/\/paraviajantes.com\/wp-content\/uploads\/2023\/02\/foto-100x100.png 100w, https:\/\/paraviajantes.com\/wp-content\/uploads\/2023\/02\/foto-12x12.png 12w, https:\/\/paraviajantes.com\/wp-content\/uploads\/2023\/02\/foto.png 512w\" sizes=\"(max-width: 100px) 100vw, 100px\" \/><\/td>\n<td style=\"width: 50%;\">\n<h6 style=\"text-align: center;\"><span style=\"font-size: 18pt;\"><strong>Incluido<\/strong><\/span><\/h6>\n<ul>\n<li class=\"feature__W54X\">\n<div>\n<div class=\"\">Traslado ida y vuelta al muelle (Si elige la opci\u00f3n que incluye el traslado)<\/div>\n<\/div>\n<\/li>\n<\/ul>\n<div>\n<ul>\n<li style=\"text-align: left;\">Gu\u00eda<\/li>\n<\/ul>\n<h6 style=\"text-align: center;\"><span style=\"font-size: 18pt;\"><strong>No Incluido<\/strong><\/span><\/h6>\n<ul>\n<li class=\"feature__W54X\">\n<div>\n<div class=\"\">Ingreso al Parque Nacional (6 usd)<\/div>\n<\/div>\n<\/li>\n<li class=\"feature__W54X\">\n<div>\n<div class=\"\">Comidas o Bebidas<\/div>\n<\/div>\n<\/li>\n<li class=\"feature__W54X\">\n<div>\n<div class=\"\">Tasa de Embarque (2 USD)<\/div>\n<\/div>\n<\/li>\n<\/ul>\n<\/div>\n<\/td>\n<\/tr>\n<tr>\n<td style=\"width: 50%;\"><\/td>\n<td style=\"width: 50%;\"><\/td>\n<\/tr>\n<\/tbody>\n<\/table>","protected":false},"featured_media":2649,"comment_status":"open","ping_status":"closed","template":"","meta":[],"product_brand":[],"product_cat":[37],"product_tag":[],"class_list":{"0":"post-2653","1":"product","2":"type-product","3":"status-publish","4":"has-post-thumbnail","6":"product_cat-sur-argentino","8":"first","9":"instock","10":"virtual","11":"sold-individually","12":"purchasable","13":"product-type-booking"},"_links":{"self":[{"href":"https:\/\/paraviajantes.com\/en\/wp-json\/wp\/v2\/product\/2653","targetHints":{"allow":["GET"]}}],"collection":[{"href":"https:\/\/paraviajantes.com\/en\/wp-json\/wp\/v2\/product"}],"about":[{"href":"https:\/\/paraviajantes.com\/en\/wp-json\/wp\/v2\/types\/product"}],"replies":[{"embeddable":true,"href":"https:\/\/paraviajantes.com\/en\/wp-json\/wp\/v2\/comments?post=2653"}],"wp:featuredmedia":[{"embeddable":true,"href":"https:\/\/paraviajantes.com\/en\/wp-json\/wp\/v2\/media\/2649"}],"wp:attachment":[{"href":"https:\/\/paraviajantes.com\/en\/wp-json\/wp\/v2\/media?parent=2653"}],"wp:term":[{"taxonomy":"product_brand","embeddable":true,"href":"https:\/\/paraviajantes.com\/en\/wp-json\/wp\/v2\/product_brand?post=2653"},{"taxonomy":"product_cat","embeddable":true,"href":"https:\/\/paraviajantes.com\/en\/wp-json\/wp\/v2\/product_cat?post=2653"},{"taxonomy":"product_tag","embeddable":true,"href":"https:\/\/paraviajantes.com\/en\/wp-json\/wp\/v2\/product_tag?post=2653"}],"curies":[{"name":"wp","href":"https:\/\/api.w.org\/{rel}","templated":true}]}}