{"id":525,"date":"2023-02-21T01:14:20","date_gmt":"2023-02-21T01:14:20","guid":{"rendered":"http:\/\/paraviajantes.com\/?post_type=product&#038;p=525"},"modified":"2025-02-28T19:12:49","modified_gmt":"2025-02-28T19:12:49","slug":"tour-completo-a-isla-mujeres-en-catamaran-de-lujo-snorkel-almuerzo","status":"publish","type":"product","link":"https:\/\/paraviajantes.com\/en\/product\/tour-completo-a-isla-mujeres-en-catamaran-de-lujo-snorkel-almuerzo\/","title":{"rendered":"Tour a Isla Mujeres en Catamar\u00e1n + Snorkel + Barra Libre!"},"content":{"rendered":"<p>Disfrutaras de un d\u00eda de relax a bordo de una embarcaci\u00f3n con mucha gente joven y muy buena onda!<\/p>\n<p>El barco ofrece una barra libre, por lo tanto, no dude en tomar bebidas en cualquier momento durante su experiencia. Disfruta de las maravillosas vistas mientras navega por las aguas cristalinas de Canc\u00fan, la costa del Caribe.<\/p>\n<p>Podr\u00e1s disfrutar y apreciar la diversidad de fauna marina mientras realicen snorkel.. es muy probable que pueda ver los coloridos peces tropicales.. Incluimos chalecos salvavidas. Cuando finalice el sn\u00f3rkel, podr\u00e1 disfrutar de un almuerzo abordo del catamar\u00e1n antes de visitar Islas Mujeres.<\/p>\n<p>En Isla mujeres podr\u00e1s explorarla libremente. Disfruta de Playa Norte, y su pueblo encantador. Hay muchos lugares para conocer! El viaje de vuelta promete un momento m\u00e1gico, conforme el sol desciende en el horizonte. Si las condiciones de viento lo permiten, usted podr\u00e1 experimentar el \u00abSpinnaker\u00bb, una actividad de vela muy emocionante.<\/p>","protected":false},"excerpt":{"rendered":"<table style=\"border-collapse: collapse; width: 100%;\">\n<tbody>\n<tr>\n<td style=\"width: 50%;\"><img decoding=\"async\" class=\"aligncenter wp-image-721\" src=\"http:\/\/paraviajantes.com\/wp-content\/uploads\/2023\/02\/reloj-de-pared-300x300.png\" alt=\"\" width=\"100\" height=\"100\" srcset=\"https:\/\/paraviajantes.com\/wp-content\/uploads\/2023\/02\/reloj-de-pared-300x300.png 300w, https:\/\/paraviajantes.com\/wp-content\/uploads\/2023\/02\/reloj-de-pared-150x150.png 150w, https:\/\/paraviajantes.com\/wp-content\/uploads\/2023\/02\/reloj-de-pared-12x12.png 12w, https:\/\/paraviajantes.com\/wp-content\/uploads\/2023\/02\/reloj-de-pared-100x100.png 100w, https:\/\/paraviajantes.com\/wp-content\/uploads\/2023\/02\/reloj-de-pared.png 512w\" sizes=\"(max-width: 100px) 100vw, 100px\" \/><\/td>\n<td style=\"width: 50%; text-align: center;\">\n<h6><span style=\"font-size: 18pt;\"><strong>Duraci\u00f3n<\/strong><\/span><\/h6>\n<div class=\"zcyXe f _Y\">\n<ul>\n<li style=\"text-align: left;\"><span class=\"biGQs _P pZUbB egaXP KxBGd\">Duraci\u00f3n: 7 horas<\/span><\/li>\n<\/ul>\n<\/div>\n<div class=\"zcyXe f _Y\">\n<ul>\n<li style=\"text-align: left;\"><span class=\"biGQs _P pZUbB egaXP KxBGd\">Horas: 10hs &#8211; 12hs\u00a0<\/span><\/li>\n<\/ul>\n<\/div>\n<\/td>\n<\/tr>\n<tr>\n<td style=\"width: 50%;\"><img decoding=\"async\" class=\"aligncenter wp-image-563\" src=\"http:\/\/paraviajantes.com\/wp-content\/uploads\/2023\/02\/foto-150x150.png\" alt=\"\" width=\"100\" height=\"100\" srcset=\"https:\/\/paraviajantes.com\/wp-content\/uploads\/2023\/02\/foto-150x150.png 150w, https:\/\/paraviajantes.com\/wp-content\/uploads\/2023\/02\/foto-300x300.png 300w, https:\/\/paraviajantes.com\/wp-content\/uploads\/2023\/02\/foto-100x100.png 100w, https:\/\/paraviajantes.com\/wp-content\/uploads\/2023\/02\/foto-12x12.png 12w, https:\/\/paraviajantes.com\/wp-content\/uploads\/2023\/02\/foto.png 512w\" sizes=\"(max-width: 100px) 100vw, 100px\" \/><\/td>\n<td style=\"width: 50%;\">\n<h6 style=\"text-align: center;\"><span style=\"font-size: 18pt;\"><strong>Incluido<\/strong><\/span><\/h6>\n<ul>\n<li class=\"seKux _d _c\"><span class=\"biGQs _P pZUbB KxBGd\">Equipamiento Snorkel<\/span><\/li>\n<li class=\"seKux _d _c\"><span class=\"biGQs _P pZUbB KxBGd\">Comida buffet<\/span><\/li>\n<li class=\"seKux _d _c\"><span class=\"biGQs _P pZUbB KxBGd\">Barra Libre nacional<\/span><\/li>\n<li class=\"seKux _d _c\"><span class=\"biGQs _P pZUbB KxBGd\">Traslado de ida y vuelta al hotel<\/span><\/li>\n<li class=\"seKux _d _c\"><span class=\"biGQs _P pZUbB KxBGd\">Club de playa con camastros<\/span><\/li>\n<\/ul>\n<\/td>\n<\/tr>\n<tr>\n<td style=\"width: 50%;\"><img decoding=\"async\" class=\"aligncenter wp-image-563\" src=\"http:\/\/paraviajantes.com\/wp-content\/uploads\/2023\/02\/foto-300x300.png\" alt=\"\" width=\"100\" height=\"100\" srcset=\"https:\/\/paraviajantes.com\/wp-content\/uploads\/2023\/02\/foto-300x300.png 300w, https:\/\/paraviajantes.com\/wp-content\/uploads\/2023\/02\/foto-100x100.png 100w, https:\/\/paraviajantes.com\/wp-content\/uploads\/2023\/02\/foto-150x150.png 150w, https:\/\/paraviajantes.com\/wp-content\/uploads\/2023\/02\/foto-12x12.png 12w, https:\/\/paraviajantes.com\/wp-content\/uploads\/2023\/02\/foto.png 512w\" sizes=\"(max-width: 100px) 100vw, 100px\" \/><\/td>\n<td style=\"width: 50%;\">\n<h6 style=\"text-align: center;\"><span style=\"font-size: 18pt;\"><strong>No Incluido<\/strong><\/span><\/h6>\n<ul>\n<li>Fotograf\u00edas y souvenires.<\/li>\n<li>Impuesto portuario.<\/li>\n<\/ul>\n<\/td>\n<\/tr>\n<\/tbody>\n<\/table>","protected":false},"featured_media":718,"comment_status":"open","ping_status":"closed","template":"","meta":[],"product_brand":[],"product_cat":[26,27],"product_tag":[],"class_list":{"0":"post-525","1":"product","2":"type-product","3":"status-publish","4":"has-post-thumbnail","6":"product_cat-mexico","7":"product_cat-rivera-maya","9":"first","10":"instock","11":"virtual","12":"sold-individually","13":"purchasable","14":"product-type-booking"},"_links":{"self":[{"href":"https:\/\/paraviajantes.com\/en\/wp-json\/wp\/v2\/product\/525","targetHints":{"allow":["GET"]}}],"collection":[{"href":"https:\/\/paraviajantes.com\/en\/wp-json\/wp\/v2\/product"}],"about":[{"href":"https:\/\/paraviajantes.com\/en\/wp-json\/wp\/v2\/types\/product"}],"replies":[{"embeddable":true,"href":"https:\/\/paraviajantes.com\/en\/wp-json\/wp\/v2\/comments?post=525"}],"wp:featuredmedia":[{"embeddable":true,"href":"https:\/\/paraviajantes.com\/en\/wp-json\/wp\/v2\/media\/718"}],"wp:attachment":[{"href":"https:\/\/paraviajantes.com\/en\/wp-json\/wp\/v2\/media?parent=525"}],"wp:term":[{"taxonomy":"product_brand","embeddable":true,"href":"https:\/\/paraviajantes.com\/en\/wp-json\/wp\/v2\/product_brand?post=525"},{"taxonomy":"product_cat","embeddable":true,"href":"https:\/\/paraviajantes.com\/en\/wp-json\/wp\/v2\/product_cat?post=525"},{"taxonomy":"product_tag","embeddable":true,"href":"https:\/\/paraviajantes.com\/en\/wp-json\/wp\/v2\/product_tag?post=525"}],"curies":[{"name":"wp","href":"https:\/\/api.w.org\/{rel}","templated":true}]}}