{"id":731,"date":"2023-02-26T00:23:24","date_gmt":"2023-02-26T00:23:24","guid":{"rendered":"http:\/\/paraviajantes.com\/?post_type=product&#038;p=731"},"modified":"2025-02-28T19:12:14","modified_gmt":"2025-02-28T19:12:14","slug":"tour-ilha-ilha-dos-frades-e-itaparica","status":"publish","type":"product","link":"https:\/\/paraviajantes.com\/en\/product\/tour-ilha-ilha-dos-frades-e-itaparica\/","title":{"rendered":"Tour Ilha &#8211; Ilha dos Frades e Itaparica"},"content":{"rendered":"<p>Es un recorrido diario que depende de las variaciones clim\u00e1ticas, pues se realiza por v\u00eda mar\u00edtima, el recorrido a las islas existe desde hace mas de 30 a\u00f1os todos los d\u00edas cuando el mar ofrece buenas condiciones de navegaci\u00f3n.<\/p>\n<p><strong>Tipos de Servicio:<\/strong><\/p>\n<p>Mar\u00edtimo, con las mejores embarcaciones, con capacidad de 70 a 150 personas acompa\u00f1adas de 3 o 4 marineros, con ba\u00f1os, servicios de bar, grupo musical y ronda de frutas.<\/p>\n<p><strong>Itinerario:<\/strong><\/p>\n<p>Despu\u00e9s de salir de la terminal mar\u00edtima de Salvador, el barco navegara hasta la bah\u00eda de todos los santos, la cual es considerada la segunda bah\u00eda mas grande del mundo, navegando e sus aguas claras y transparentes, tendremos una hermosa vista panor\u00e1mica de la ciudad de Salvador. Nuestra primera parada ser\u00e1 en la punta de Nuestra Se\u00f1ora de Guadalupe, en la Isla Frades, luego de una estad\u00eda de aproximadamente dos horas en la Isla Frades, navegaremos un promedio de 40 minutos hasta nuestro pr\u00f3ximo destino, que es la playa de Ponta de Sand, ubicada en la Isla de Itaparica, donde tendremos la parada para el almuerzo (No incluido) y City tour (No incluido).<\/p>\n<p>Nuestra parada en Itaparica es de aproximadamente 2 horas, en el restaurante Manguezal, que se encuentra frente a la playa, pero por razones log\u00edsticas no tenemos otra opci\u00f3n. El restaurante Maguezal ofrece buffete (R $ 40,00 por persona, bebida no incluida) o a la carta. Luego del almuerzo y tiempo libre, regresaremos aproximadamente a las 17Hs PM al terminal mar\u00edtimo de la ciudad de El Salvador<\/p>","protected":false},"excerpt":{"rendered":"<table style=\"border-collapse: collapse; width: 100%;\">\n<tbody>\n<tr>\n<td style=\"width: 50%;\"><img decoding=\"async\" class=\"aligncenter wp-image-721\" src=\"http:\/\/paraviajantes.com\/wp-content\/uploads\/2023\/02\/reloj-de-pared-300x300.png\" alt=\"\" width=\"100\" height=\"100\" srcset=\"https:\/\/paraviajantes.com\/wp-content\/uploads\/2023\/02\/reloj-de-pared-300x300.png 300w, https:\/\/paraviajantes.com\/wp-content\/uploads\/2023\/02\/reloj-de-pared-150x150.png 150w, https:\/\/paraviajantes.com\/wp-content\/uploads\/2023\/02\/reloj-de-pared-12x12.png 12w, https:\/\/paraviajantes.com\/wp-content\/uploads\/2023\/02\/reloj-de-pared-100x100.png 100w, https:\/\/paraviajantes.com\/wp-content\/uploads\/2023\/02\/reloj-de-pared.png 512w\" sizes=\"(max-width: 100px) 100vw, 100px\" \/><\/td>\n<td style=\"width: 50%; text-align: center;\">\n<h6><span style=\"font-size: 18pt;\"><strong>Duraci\u00f3n<\/strong><\/span><\/h6>\n<div class=\"zcyXe f _Y\">\n<ul>\n<li style=\"text-align: left;\"><span class=\"biGQs _P pZUbB egaXP KxBGd\">Duraci\u00f3n: Salidas diarias desde Salvador. Comienza 9 hs. AM<\/span><\/li>\n<\/ul>\n<\/div>\n<\/td>\n<\/tr>\n<tr>\n<td style=\"width: 50%;\"><img decoding=\"async\" class=\"aligncenter wp-image-563\" src=\"http:\/\/paraviajantes.com\/wp-content\/uploads\/2023\/02\/foto-150x150.png\" alt=\"\" width=\"100\" height=\"100\" srcset=\"https:\/\/paraviajantes.com\/wp-content\/uploads\/2023\/02\/foto-150x150.png 150w, https:\/\/paraviajantes.com\/wp-content\/uploads\/2023\/02\/foto-300x300.png 300w, https:\/\/paraviajantes.com\/wp-content\/uploads\/2023\/02\/foto-100x100.png 100w, https:\/\/paraviajantes.com\/wp-content\/uploads\/2023\/02\/foto-12x12.png 12w, https:\/\/paraviajantes.com\/wp-content\/uploads\/2023\/02\/foto.png 512w\" sizes=\"(max-width: 100px) 100vw, 100px\" \/><\/td>\n<td style=\"width: 50%;\">\n<h6 style=\"text-align: center;\"><span style=\"font-size: 18pt;\"><strong>Incluido<\/strong><\/span><\/h6>\n<ul>\n<li class=\"seKux _d _c\">Gu\u00eda de turismo<\/li>\n<li>Una ronda de frutas tropicales<\/li>\n<li>Grupo de Samba (Propina opcional)<\/li>\n<\/ul>\n<\/td>\n<\/tr>\n<tr>\n<td style=\"width: 50%;\"><img decoding=\"async\" class=\"aligncenter wp-image-563\" src=\"http:\/\/paraviajantes.com\/wp-content\/uploads\/2023\/02\/foto-300x300.png\" alt=\"\" width=\"100\" height=\"100\" srcset=\"https:\/\/paraviajantes.com\/wp-content\/uploads\/2023\/02\/foto-300x300.png 300w, https:\/\/paraviajantes.com\/wp-content\/uploads\/2023\/02\/foto-100x100.png 100w, https:\/\/paraviajantes.com\/wp-content\/uploads\/2023\/02\/foto-150x150.png 150w, https:\/\/paraviajantes.com\/wp-content\/uploads\/2023\/02\/foto-12x12.png 12w, https:\/\/paraviajantes.com\/wp-content\/uploads\/2023\/02\/foto.png 512w\" sizes=\"(max-width: 100px) 100vw, 100px\" \/><\/td>\n<td style=\"width: 50%;\">\n<h6 style=\"text-align: center;\"><span style=\"font-size: 18pt;\"><strong>No Incluido<\/strong><\/span><\/h6>\n<ul>\n<li class=\"seKux _d _c\">Bebidas<\/li>\n<li>Alimentaci\u00f3n<\/li>\n<li>Tarifa de acceso a Ilha dos Frades<\/li>\n<li>Tour hist\u00f3rico en la isla de Itaparica<\/li>\n<\/ul>\n<\/td>\n<\/tr>\n<\/tbody>\n<\/table>","protected":false},"featured_media":1151,"comment_status":"open","ping_status":"closed","template":"","meta":[],"product_brand":[],"product_cat":[23,31],"product_tag":[],"class_list":{"0":"post-731","1":"product","2":"type-product","3":"status-publish","4":"has-post-thumbnail","6":"product_cat-brasil","7":"product_cat-salvador-bahia","9":"first","10":"instock","11":"virtual","12":"sold-individually","13":"purchasable","14":"product-type-booking"},"_links":{"self":[{"href":"https:\/\/paraviajantes.com\/en\/wp-json\/wp\/v2\/product\/731","targetHints":{"allow":["GET"]}}],"collection":[{"href":"https:\/\/paraviajantes.com\/en\/wp-json\/wp\/v2\/product"}],"about":[{"href":"https:\/\/paraviajantes.com\/en\/wp-json\/wp\/v2\/types\/product"}],"replies":[{"embeddable":true,"href":"https:\/\/paraviajantes.com\/en\/wp-json\/wp\/v2\/comments?post=731"}],"wp:featuredmedia":[{"embeddable":true,"href":"https:\/\/paraviajantes.com\/en\/wp-json\/wp\/v2\/media\/1151"}],"wp:attachment":[{"href":"https:\/\/paraviajantes.com\/en\/wp-json\/wp\/v2\/media?parent=731"}],"wp:term":[{"taxonomy":"product_brand","embeddable":true,"href":"https:\/\/paraviajantes.com\/en\/wp-json\/wp\/v2\/product_brand?post=731"},{"taxonomy":"product_cat","embeddable":true,"href":"https:\/\/paraviajantes.com\/en\/wp-json\/wp\/v2\/product_cat?post=731"},{"taxonomy":"product_tag","embeddable":true,"href":"https:\/\/paraviajantes.com\/en\/wp-json\/wp\/v2\/product_tag?post=731"}],"curies":[{"name":"wp","href":"https:\/\/api.w.org\/{rel}","templated":true}]}}