{"id":734,"date":"2023-02-26T00:24:54","date_gmt":"2023-02-26T00:24:54","guid":{"rendered":"http:\/\/paraviajantes.com\/?post_type=product&#038;p=734"},"modified":"2025-02-28T22:54:48","modified_gmt":"2025-02-28T22:54:48","slug":"tour-cataratasargentinas","status":"publish","type":"product","link":"https:\/\/paraviajantes.com\/en\/product\/tour-cataratasargentinas\/","title":{"rendered":"Cataratas Argentinas + Gran Aventura!"},"content":{"rendered":"<p data-start=\"73\" data-end=\"271\">Vive una experiencia inolvidable combinando la majestuosidad de las <strong data-start=\"141\" data-end=\"165\">Cataratas del Iguaz\u00fa<\/strong> con la adrenalina del paseo en lancha <strong data-start=\"204\" data-end=\"221\">Gran Aventura<\/strong>, donde sentir\u00e1s la potencia del agua al m\u00e1ximo.<\/p>\n<h3 data-start=\"278\" data-end=\"310\"><strong data-start=\"282\" data-end=\"308\">Itinerario del Tour<\/strong><\/h3>\n<p data-start=\"312\" data-end=\"806\">\ud83d\udd39 <strong data-start=\"315\" data-end=\"336\">Circuito Inferior<\/strong> \u2013 Pasarelas que permiten vistas cercanas y \u00e1ngulos impresionantes de las cataratas.<br data-start=\"420\" data-end=\"423\" \/>\ud83d\udd39 <strong data-start=\"426\" data-end=\"447\">Circuito Superior<\/strong> \u2013 Miradores elevados para disfrutar de las ca\u00eddas desde arriba.<br data-start=\"511\" data-end=\"514\" \/>\ud83d\udd39 <strong data-start=\"517\" data-end=\"540\">Garganta del Diablo<\/strong> \u2013 Paseo en tren ecol\u00f3gico hasta la impactante pasarela con vista a la cascada m\u00e1s grande.<br data-start=\"630\" data-end=\"633\" \/>\ud83d\udd39 <strong data-start=\"636\" data-end=\"653\">Gran Aventura<\/strong> (<em data-start=\"655\" data-end=\"665\">Opcional<\/em>) \u2013 Un emocionante paseo en <strong data-start=\"693\" data-end=\"713\">4&#215;4 por la selva<\/strong> seguido de una <strong data-start=\"729\" data-end=\"751\">navegaci\u00f3n extrema<\/strong> bajo los saltos m\u00e1s espectaculares de las cataratas.<\/p>","protected":false},"excerpt":{"rendered":"<table style=\"border-collapse: collapse; width: 100%;\">\n<tbody>\n<tr>\n<td style=\"width: 50%;\"><img decoding=\"async\" class=\"aligncenter wp-image-721\" src=\"http:\/\/paraviajantes.com\/wp-content\/uploads\/2023\/02\/reloj-de-pared-300x300.png\" alt=\"\" width=\"100\" height=\"100\" srcset=\"https:\/\/paraviajantes.com\/wp-content\/uploads\/2023\/02\/reloj-de-pared-300x300.png 300w, https:\/\/paraviajantes.com\/wp-content\/uploads\/2023\/02\/reloj-de-pared-150x150.png 150w, https:\/\/paraviajantes.com\/wp-content\/uploads\/2023\/02\/reloj-de-pared-12x12.png 12w, https:\/\/paraviajantes.com\/wp-content\/uploads\/2023\/02\/reloj-de-pared-100x100.png 100w, https:\/\/paraviajantes.com\/wp-content\/uploads\/2023\/02\/reloj-de-pared.png 512w\" sizes=\"(max-width: 100px) 100vw, 100px\" \/><\/td>\n<td style=\"width: 50%; text-align: center;\">\n<h6><span style=\"font-size: 18pt;\"><strong>Duraci\u00f3n<\/strong><\/span><\/h6>\n<div class=\"zcyXe f _Y\">\n<ul>\n<li style=\"text-align: left;\"><span class=\"biGQs _P pZUbB egaXP KxBGd\">Duraci\u00f3n: 12 horas (aprox.)<\/span><\/li>\n<\/ul>\n<\/div>\n<div class=\"zcyXe f _Y\"><\/div>\n<\/td>\n<\/tr>\n<tr>\n<td style=\"width: 50%;\"><img decoding=\"async\" class=\"aligncenter wp-image-563\" src=\"http:\/\/paraviajantes.com\/wp-content\/uploads\/2023\/02\/foto-150x150.png\" alt=\"\" width=\"100\" height=\"100\" srcset=\"https:\/\/paraviajantes.com\/wp-content\/uploads\/2023\/02\/foto-150x150.png 150w, https:\/\/paraviajantes.com\/wp-content\/uploads\/2023\/02\/foto-300x300.png 300w, https:\/\/paraviajantes.com\/wp-content\/uploads\/2023\/02\/foto-100x100.png 100w, https:\/\/paraviajantes.com\/wp-content\/uploads\/2023\/02\/foto-12x12.png 12w, https:\/\/paraviajantes.com\/wp-content\/uploads\/2023\/02\/foto.png 512w\" sizes=\"(max-width: 100px) 100vw, 100px\" \/><\/td>\n<td style=\"width: 50%;\">\n<h6 style=\"text-align: center;\"><span style=\"font-size: 18pt;\"><strong>Incluido<\/strong><\/span><\/h6>\n<ul>\n<li>Traslados desde y hacia el hotel dentro de Pto Iguazu.<\/li>\n<li>Gu\u00eda Profesional en espa\u00f1ol e ingl\u00e9s<\/li>\n<li>Seguro<\/li>\n<\/ul>\n<\/td>\n<\/tr>\n<tr>\n<td style=\"width: 50%;\"><img decoding=\"async\" class=\"aligncenter wp-image-563\" src=\"http:\/\/paraviajantes.com\/wp-content\/uploads\/2023\/02\/foto-300x300.png\" alt=\"\" width=\"100\" height=\"100\" srcset=\"https:\/\/paraviajantes.com\/wp-content\/uploads\/2023\/02\/foto-300x300.png 300w, https:\/\/paraviajantes.com\/wp-content\/uploads\/2023\/02\/foto-100x100.png 100w, https:\/\/paraviajantes.com\/wp-content\/uploads\/2023\/02\/foto-150x150.png 150w, https:\/\/paraviajantes.com\/wp-content\/uploads\/2023\/02\/foto-12x12.png 12w, https:\/\/paraviajantes.com\/wp-content\/uploads\/2023\/02\/foto.png 512w\" sizes=\"(max-width: 100px) 100vw, 100px\" \/><\/td>\n<td style=\"width: 50%;\">\n<h6 style=\"text-align: center;\"><span style=\"font-size: 18pt;\"><strong>No Incluido<\/strong><\/span><\/h6>\n<ul>\n<li>Comidas y bebidas<\/li>\n<li>Entradas al parque (10 USD)<\/li>\n<li>Propinas<\/li>\n<li>Fotos<\/li>\n<\/ul>\n<\/td>\n<\/tr>\n<\/tbody>\n<\/table>\n<p>&nbsp;<\/p>","protected":false},"featured_media":3133,"comment_status":"open","ping_status":"closed","template":"","meta":[],"product_brand":[],"product_cat":[36],"product_tag":[],"class_list":{"0":"post-734","1":"product","2":"type-product","3":"status-publish","4":"has-post-thumbnail","6":"product_cat-cataratas-del-iguazu","8":"first","9":"instock","10":"virtual","11":"sold-individually","12":"purchasable","13":"product-type-booking"},"_links":{"self":[{"href":"https:\/\/paraviajantes.com\/en\/wp-json\/wp\/v2\/product\/734","targetHints":{"allow":["GET"]}}],"collection":[{"href":"https:\/\/paraviajantes.com\/en\/wp-json\/wp\/v2\/product"}],"about":[{"href":"https:\/\/paraviajantes.com\/en\/wp-json\/wp\/v2\/types\/product"}],"replies":[{"embeddable":true,"href":"https:\/\/paraviajantes.com\/en\/wp-json\/wp\/v2\/comments?post=734"}],"wp:featuredmedia":[{"embeddable":true,"href":"https:\/\/paraviajantes.com\/en\/wp-json\/wp\/v2\/media\/3133"}],"wp:attachment":[{"href":"https:\/\/paraviajantes.com\/en\/wp-json\/wp\/v2\/media?parent=734"}],"wp:term":[{"taxonomy":"product_brand","embeddable":true,"href":"https:\/\/paraviajantes.com\/en\/wp-json\/wp\/v2\/product_brand?post=734"},{"taxonomy":"product_cat","embeddable":true,"href":"https:\/\/paraviajantes.com\/en\/wp-json\/wp\/v2\/product_cat?post=734"},{"taxonomy":"product_tag","embeddable":true,"href":"https:\/\/paraviajantes.com\/en\/wp-json\/wp\/v2\/product_tag?post=734"}],"curies":[{"name":"wp","href":"https:\/\/api.w.org\/{rel}","templated":true}]}}